{"id":91,"date":"2014-04-04T14:24:38","date_gmt":"2014-04-04T12:24:38","guid":{"rendered":"http:\/\/localhost:8080\/?page_id=89"},"modified":"2016-04-14T14:11:14","modified_gmt":"2016-04-14T12:11:14","slug":"stadning","status":"publish","type":"page","link":"https:\/\/nybergsettan.se\/?page_id=91","title":{"rendered":"St\u00e4dning"},"content":{"rendered":"<p>V\u00e5r f\u00f6rening st\u00e4das av LJ Bygg.<\/p>\n<p>St\u00e4dning utf\u00f6rs en g\u00e5ng per vecka.<br \/>\nSj\u00e4lvklart \u00e4r vi medlemmar m\u00e5na av att<br \/>\nh\u00e5lla trapphus och andra gemensamma<br \/>\nutrymmen rena och fr\u00e4scha och d\u00e4rf\u00f6r<br \/>\nh\u00e5ller vi efter om vi r\u00e5kar tappar eller spiller n\u00e5got.<\/p>\n","protected":false},"excerpt":{"rendered":"<p>V\u00e5r f\u00f6rening st\u00e4das av LJ Bygg. St\u00e4dning utf\u00f6rs en g\u00e5ng per vecka. Sj\u00e4lvklart \u00e4r vi medlemmar m\u00e5na av att h\u00e5lla trapphus och andra gemensamma utrymmen rena och fr\u00e4scha och d\u00e4rf\u00f6r h\u00e5ller vi efter om vi r\u00e5kar tappar eller spiller n\u00e5got.<\/p>\n","protected":false},"author":1,"featured_media":0,"parent":67,"menu_order":0,"comment_status":"closed","ping_status":"closed","template":"","meta":{"footnotes":""},"class_list":["post-91","page","type-page","status-publish","hentry"],"yoast_head":"<!-- This site is optimized with the Yoast SEO plugin v24.6 - https:\/\/yoast.com\/wordpress\/plugins\/seo\/ -->\n<title>St\u00e4dning - BRF NYBERGSETTAN<\/title>\n<meta name=\"robots\" content=\"index, follow, max-snippet:-1, max-image-preview:large, max-video-preview:-1\" \/>\n<link rel=\"canonical\" href=\"https:\/\/nybergsettan.se\/?page_id=91\" \/>\n<meta property=\"og:locale\" content=\"sv_SE\" \/>\n<meta property=\"og:type\" content=\"article\" \/>\n<meta property=\"og:title\" content=\"St\u00e4dning - BRF NYBERGSETTAN\" \/>\n<meta property=\"og:description\" content=\"V\u00e5r f\u00f6rening st\u00e4das av LJ Bygg. St\u00e4dning utf\u00f6rs en g\u00e5ng per vecka. Sj\u00e4lvklart \u00e4r vi medlemmar m\u00e5na av att h\u00e5lla trapphus och andra gemensamma utrymmen rena och fr\u00e4scha och d\u00e4rf\u00f6r h\u00e5ller vi efter om vi r\u00e5kar tappar eller spiller n\u00e5got.\" \/>\n<meta property=\"og:url\" content=\"https:\/\/nybergsettan.se\/?page_id=91\" \/>\n<meta property=\"og:site_name\" content=\"BRF NYBERGSETTAN\" \/>\n<meta property=\"article:modified_time\" content=\"2016-04-14T12:11:14+00:00\" \/>\n<meta name=\"twitter:card\" content=\"summary_large_image\" \/>\n<script type=\"application\/ld+json\" class=\"yoast-schema-graph\">{\"@context\":\"https:\/\/schema.org\",\"@graph\":[{\"@type\":\"WebPage\",\"@id\":\"https:\/\/nybergsettan.se\/?page_id=91\",\"url\":\"https:\/\/nybergsettan.se\/?page_id=91\",\"name\":\"St\u00e4dning - BRF NYBERGSETTAN\",\"isPartOf\":{\"@id\":\"https:\/\/nybergsettan.se\/#website\"},\"datePublished\":\"2014-04-04T12:24:38+00:00\",\"dateModified\":\"2016-04-14T12:11:14+00:00\",\"breadcrumb\":{\"@id\":\"https:\/\/nybergsettan.se\/?page_id=91#breadcrumb\"},\"inLanguage\":\"sv-SE\",\"potentialAction\":[{\"@type\":\"ReadAction\",\"target\":[\"https:\/\/nybergsettan.se\/?page_id=91\"]}]},{\"@type\":\"BreadcrumbList\",\"@id\":\"https:\/\/nybergsettan.se\/?page_id=91#breadcrumb\",\"itemListElement\":[{\"@type\":\"ListItem\",\"position\":1,\"name\":\"Hem\",\"item\":\"https:\/\/nybergsettan.se\/\"},{\"@type\":\"ListItem\",\"position\":2,\"name\":\"Fastiheten\",\"item\":\"https:\/\/nybergsettan.se\/?page_id=67\"},{\"@type\":\"ListItem\",\"position\":3,\"name\":\"St\u00e4dning\"}]},{\"@type\":\"WebSite\",\"@id\":\"https:\/\/nybergsettan.se\/#website\",\"url\":\"https:\/\/nybergsettan.se\/\",\"name\":\"BRF NYBERGSETTAN\",\"description\":\"\",\"publisher\":{\"@id\":\"https:\/\/nybergsettan.se\/#organization\"},\"potentialAction\":[{\"@type\":\"SearchAction\",\"target\":{\"@type\":\"EntryPoint\",\"urlTemplate\":\"https:\/\/nybergsettan.se\/?s={search_term_string}\"},\"query-input\":{\"@type\":\"PropertyValueSpecification\",\"valueRequired\":true,\"valueName\":\"search_term_string\"}}],\"inLanguage\":\"sv-SE\"},{\"@type\":\"Organization\",\"@id\":\"https:\/\/nybergsettan.se\/#organization\",\"name\":\"BRF NYBERGSETTAN\",\"url\":\"https:\/\/nybergsettan.se\/\",\"logo\":{\"@type\":\"ImageObject\",\"inLanguage\":\"sv-SE\",\"@id\":\"https:\/\/nybergsettan.se\/#\/schema\/logo\/image\/\",\"url\":\"https:\/\/nybergsettan.se\/wp-content\/uploads\/2016\/03\/framsidan-1024x768.jpg\",\"contentUrl\":\"https:\/\/nybergsettan.se\/wp-content\/uploads\/2016\/03\/framsidan-1024x768.jpg\",\"width\":1024,\"height\":768,\"caption\":\"BRF NYBERGSETTAN\"},\"image\":{\"@id\":\"https:\/\/nybergsettan.se\/#\/schema\/logo\/image\/\"}}]}<\/script>\n<!-- \/ Yoast SEO plugin. -->","yoast_head_json":{"title":"St\u00e4dning - BRF NYBERGSETTAN","robots":{"index":"index","follow":"follow","max-snippet":"max-snippet:-1","max-image-preview":"max-image-preview:large","max-video-preview":"max-video-preview:-1"},"canonical":"https:\/\/nybergsettan.se\/?page_id=91","og_locale":"sv_SE","og_type":"article","og_title":"St\u00e4dning - BRF NYBERGSETTAN","og_description":"V\u00e5r f\u00f6rening st\u00e4das av LJ Bygg. St\u00e4dning utf\u00f6rs en g\u00e5ng per vecka. Sj\u00e4lvklart \u00e4r vi medlemmar m\u00e5na av att h\u00e5lla trapphus och andra gemensamma utrymmen rena och fr\u00e4scha och d\u00e4rf\u00f6r h\u00e5ller vi efter om vi r\u00e5kar tappar eller spiller n\u00e5got.","og_url":"https:\/\/nybergsettan.se\/?page_id=91","og_site_name":"BRF NYBERGSETTAN","article_modified_time":"2016-04-14T12:11:14+00:00","twitter_card":"summary_large_image","schema":{"@context":"https:\/\/schema.org","@graph":[{"@type":"WebPage","@id":"https:\/\/nybergsettan.se\/?page_id=91","url":"https:\/\/nybergsettan.se\/?page_id=91","name":"St\u00e4dning - BRF NYBERGSETTAN","isPartOf":{"@id":"https:\/\/nybergsettan.se\/#website"},"datePublished":"2014-04-04T12:24:38+00:00","dateModified":"2016-04-14T12:11:14+00:00","breadcrumb":{"@id":"https:\/\/nybergsettan.se\/?page_id=91#breadcrumb"},"inLanguage":"sv-SE","potentialAction":[{"@type":"ReadAction","target":["https:\/\/nybergsettan.se\/?page_id=91"]}]},{"@type":"BreadcrumbList","@id":"https:\/\/nybergsettan.se\/?page_id=91#breadcrumb","itemListElement":[{"@type":"ListItem","position":1,"name":"Hem","item":"https:\/\/nybergsettan.se\/"},{"@type":"ListItem","position":2,"name":"Fastiheten","item":"https:\/\/nybergsettan.se\/?page_id=67"},{"@type":"ListItem","position":3,"name":"St\u00e4dning"}]},{"@type":"WebSite","@id":"https:\/\/nybergsettan.se\/#website","url":"https:\/\/nybergsettan.se\/","name":"BRF NYBERGSETTAN","description":"","publisher":{"@id":"https:\/\/nybergsettan.se\/#organization"},"potentialAction":[{"@type":"SearchAction","target":{"@type":"EntryPoint","urlTemplate":"https:\/\/nybergsettan.se\/?s={search_term_string}"},"query-input":{"@type":"PropertyValueSpecification","valueRequired":true,"valueName":"search_term_string"}}],"inLanguage":"sv-SE"},{"@type":"Organization","@id":"https:\/\/nybergsettan.se\/#organization","name":"BRF NYBERGSETTAN","url":"https:\/\/nybergsettan.se\/","logo":{"@type":"ImageObject","inLanguage":"sv-SE","@id":"https:\/\/nybergsettan.se\/#\/schema\/logo\/image\/","url":"https:\/\/nybergsettan.se\/wp-content\/uploads\/2016\/03\/framsidan-1024x768.jpg","contentUrl":"https:\/\/nybergsettan.se\/wp-content\/uploads\/2016\/03\/framsidan-1024x768.jpg","width":1024,"height":768,"caption":"BRF NYBERGSETTAN"},"image":{"@id":"https:\/\/nybergsettan.se\/#\/schema\/logo\/image\/"}}]}},"_links":{"self":[{"href":"https:\/\/nybergsettan.se\/index.php?rest_route=\/wp\/v2\/pages\/91","targetHints":{"allow":["GET"]}}],"collection":[{"href":"https:\/\/nybergsettan.se\/index.php?rest_route=\/wp\/v2\/pages"}],"about":[{"href":"https:\/\/nybergsettan.se\/index.php?rest_route=\/wp\/v2\/types\/page"}],"author":[{"embeddable":true,"href":"https:\/\/nybergsettan.se\/index.php?rest_route=\/wp\/v2\/users\/1"}],"replies":[{"embeddable":true,"href":"https:\/\/nybergsettan.se\/index.php?rest_route=%2Fwp%2Fv2%2Fcomments&post=91"}],"version-history":[{"count":3,"href":"https:\/\/nybergsettan.se\/index.php?rest_route=\/wp\/v2\/pages\/91\/revisions"}],"predecessor-version":[{"id":176,"href":"https:\/\/nybergsettan.se\/index.php?rest_route=\/wp\/v2\/pages\/91\/revisions\/176"}],"up":[{"embeddable":true,"href":"https:\/\/nybergsettan.se\/index.php?rest_route=\/wp\/v2\/pages\/67"}],"wp:attachment":[{"href":"https:\/\/nybergsettan.se\/index.php?rest_route=%2Fwp%2Fv2%2Fmedia&parent=91"}],"curies":[{"name":"wp","href":"https:\/\/api.w.org\/{rel}","templated":true}]}}