{"id":90,"date":"2014-04-04T14:24:20","date_gmt":"2014-04-04T12:24:20","guid":{"rendered":"http:\/\/localhost:8080\/?page_id=87"},"modified":"2016-04-28T11:23:53","modified_gmt":"2016-04-28T09:23:53","slug":"energideklaration","status":"publish","type":"page","link":"https:\/\/nybergsettan.se\/?page_id=90","title":{"rendered":"Energideklaration"},"content":{"rendered":"<p>Energideklarationen ger dig information om<br \/>\nbyggnadens energianv\u00e4ndning.<\/p>\n<p>Den \u00e4r bland annat till f\u00f6r dig som ska<br \/>\nk\u00f6pa eller hyra en bostad.<\/p>\n<p>Du kan anv\u00e4nda deklarationen<br \/>\nf\u00f6r att j\u00e4mf\u00f6ra olika hus med varandra.<\/p>\n<p><a href=\"http:\/\/nybergsettan.se\/wp-content\/uploads\/2014\/04\/Energideklaration.pdf\">Klicka h\u00e4r f\u00f6r BRF Nybergsettans energideklaration.<\/a><\/p>\n","protected":false},"excerpt":{"rendered":"<p>Energideklarationen ger dig information om byggnadens energianv\u00e4ndning. Den \u00e4r bland annat till f\u00f6r dig som ska k\u00f6pa eller hyra en bostad. Du kan anv\u00e4nda deklarationen f\u00f6r att j\u00e4mf\u00f6ra olika hus med varandra. Klicka h\u00e4r f\u00f6r BRF Nybergsettans energideklaration.<\/p>\n","protected":false},"author":1,"featured_media":0,"parent":67,"menu_order":0,"comment_status":"closed","ping_status":"closed","template":"","meta":{"footnotes":""},"class_list":["post-90","page","type-page","status-publish","hentry"],"yoast_head":"<!-- This site is optimized with the Yoast SEO plugin v24.6 - https:\/\/yoast.com\/wordpress\/plugins\/seo\/ -->\n<title>Energideklaration - BRF NYBERGSETTAN<\/title>\n<meta name=\"robots\" content=\"index, follow, max-snippet:-1, max-image-preview:large, max-video-preview:-1\" \/>\n<link rel=\"canonical\" href=\"https:\/\/nybergsettan.se\/?page_id=90\" \/>\n<meta property=\"og:locale\" content=\"sv_SE\" \/>\n<meta property=\"og:type\" content=\"article\" \/>\n<meta property=\"og:title\" content=\"Energideklaration - BRF NYBERGSETTAN\" \/>\n<meta property=\"og:description\" content=\"Energideklarationen ger dig information om byggnadens energianv\u00e4ndning. Den \u00e4r bland annat till f\u00f6r dig som ska k\u00f6pa eller hyra en bostad. Du kan anv\u00e4nda deklarationen f\u00f6r att j\u00e4mf\u00f6ra olika hus med varandra. Klicka h\u00e4r f\u00f6r BRF Nybergsettans energideklaration.\" \/>\n<meta property=\"og:url\" content=\"https:\/\/nybergsettan.se\/?page_id=90\" \/>\n<meta property=\"og:site_name\" content=\"BRF NYBERGSETTAN\" \/>\n<meta property=\"article:modified_time\" content=\"2016-04-28T09:23:53+00:00\" \/>\n<meta name=\"twitter:card\" content=\"summary_large_image\" \/>\n<script type=\"application\/ld+json\" class=\"yoast-schema-graph\">{\"@context\":\"https:\/\/schema.org\",\"@graph\":[{\"@type\":\"WebPage\",\"@id\":\"https:\/\/nybergsettan.se\/?page_id=90\",\"url\":\"https:\/\/nybergsettan.se\/?page_id=90\",\"name\":\"Energideklaration - BRF NYBERGSETTAN\",\"isPartOf\":{\"@id\":\"https:\/\/nybergsettan.se\/#website\"},\"datePublished\":\"2014-04-04T12:24:20+00:00\",\"dateModified\":\"2016-04-28T09:23:53+00:00\",\"breadcrumb\":{\"@id\":\"https:\/\/nybergsettan.se\/?page_id=90#breadcrumb\"},\"inLanguage\":\"sv-SE\",\"potentialAction\":[{\"@type\":\"ReadAction\",\"target\":[\"https:\/\/nybergsettan.se\/?page_id=90\"]}]},{\"@type\":\"BreadcrumbList\",\"@id\":\"https:\/\/nybergsettan.se\/?page_id=90#breadcrumb\",\"itemListElement\":[{\"@type\":\"ListItem\",\"position\":1,\"name\":\"Hem\",\"item\":\"https:\/\/nybergsettan.se\/\"},{\"@type\":\"ListItem\",\"position\":2,\"name\":\"Fastiheten\",\"item\":\"https:\/\/nybergsettan.se\/?page_id=67\"},{\"@type\":\"ListItem\",\"position\":3,\"name\":\"Energideklaration\"}]},{\"@type\":\"WebSite\",\"@id\":\"https:\/\/nybergsettan.se\/#website\",\"url\":\"https:\/\/nybergsettan.se\/\",\"name\":\"BRF NYBERGSETTAN\",\"description\":\"\",\"publisher\":{\"@id\":\"https:\/\/nybergsettan.se\/#organization\"},\"potentialAction\":[{\"@type\":\"SearchAction\",\"target\":{\"@type\":\"EntryPoint\",\"urlTemplate\":\"https:\/\/nybergsettan.se\/?s={search_term_string}\"},\"query-input\":{\"@type\":\"PropertyValueSpecification\",\"valueRequired\":true,\"valueName\":\"search_term_string\"}}],\"inLanguage\":\"sv-SE\"},{\"@type\":\"Organization\",\"@id\":\"https:\/\/nybergsettan.se\/#organization\",\"name\":\"BRF NYBERGSETTAN\",\"url\":\"https:\/\/nybergsettan.se\/\",\"logo\":{\"@type\":\"ImageObject\",\"inLanguage\":\"sv-SE\",\"@id\":\"https:\/\/nybergsettan.se\/#\/schema\/logo\/image\/\",\"url\":\"https:\/\/nybergsettan.se\/wp-content\/uploads\/2016\/03\/framsidan-1024x768.jpg\",\"contentUrl\":\"https:\/\/nybergsettan.se\/wp-content\/uploads\/2016\/03\/framsidan-1024x768.jpg\",\"width\":1024,\"height\":768,\"caption\":\"BRF NYBERGSETTAN\"},\"image\":{\"@id\":\"https:\/\/nybergsettan.se\/#\/schema\/logo\/image\/\"}}]}<\/script>\n<!-- \/ Yoast SEO plugin. -->","yoast_head_json":{"title":"Energideklaration - BRF NYBERGSETTAN","robots":{"index":"index","follow":"follow","max-snippet":"max-snippet:-1","max-image-preview":"max-image-preview:large","max-video-preview":"max-video-preview:-1"},"canonical":"https:\/\/nybergsettan.se\/?page_id=90","og_locale":"sv_SE","og_type":"article","og_title":"Energideklaration - BRF NYBERGSETTAN","og_description":"Energideklarationen ger dig information om byggnadens energianv\u00e4ndning. Den \u00e4r bland annat till f\u00f6r dig som ska k\u00f6pa eller hyra en bostad. Du kan anv\u00e4nda deklarationen f\u00f6r att j\u00e4mf\u00f6ra olika hus med varandra. Klicka h\u00e4r f\u00f6r BRF Nybergsettans energideklaration.","og_url":"https:\/\/nybergsettan.se\/?page_id=90","og_site_name":"BRF NYBERGSETTAN","article_modified_time":"2016-04-28T09:23:53+00:00","twitter_card":"summary_large_image","schema":{"@context":"https:\/\/schema.org","@graph":[{"@type":"WebPage","@id":"https:\/\/nybergsettan.se\/?page_id=90","url":"https:\/\/nybergsettan.se\/?page_id=90","name":"Energideklaration - BRF NYBERGSETTAN","isPartOf":{"@id":"https:\/\/nybergsettan.se\/#website"},"datePublished":"2014-04-04T12:24:20+00:00","dateModified":"2016-04-28T09:23:53+00:00","breadcrumb":{"@id":"https:\/\/nybergsettan.se\/?page_id=90#breadcrumb"},"inLanguage":"sv-SE","potentialAction":[{"@type":"ReadAction","target":["https:\/\/nybergsettan.se\/?page_id=90"]}]},{"@type":"BreadcrumbList","@id":"https:\/\/nybergsettan.se\/?page_id=90#breadcrumb","itemListElement":[{"@type":"ListItem","position":1,"name":"Hem","item":"https:\/\/nybergsettan.se\/"},{"@type":"ListItem","position":2,"name":"Fastiheten","item":"https:\/\/nybergsettan.se\/?page_id=67"},{"@type":"ListItem","position":3,"name":"Energideklaration"}]},{"@type":"WebSite","@id":"https:\/\/nybergsettan.se\/#website","url":"https:\/\/nybergsettan.se\/","name":"BRF NYBERGSETTAN","description":"","publisher":{"@id":"https:\/\/nybergsettan.se\/#organization"},"potentialAction":[{"@type":"SearchAction","target":{"@type":"EntryPoint","urlTemplate":"https:\/\/nybergsettan.se\/?s={search_term_string}"},"query-input":{"@type":"PropertyValueSpecification","valueRequired":true,"valueName":"search_term_string"}}],"inLanguage":"sv-SE"},{"@type":"Organization","@id":"https:\/\/nybergsettan.se\/#organization","name":"BRF NYBERGSETTAN","url":"https:\/\/nybergsettan.se\/","logo":{"@type":"ImageObject","inLanguage":"sv-SE","@id":"https:\/\/nybergsettan.se\/#\/schema\/logo\/image\/","url":"https:\/\/nybergsettan.se\/wp-content\/uploads\/2016\/03\/framsidan-1024x768.jpg","contentUrl":"https:\/\/nybergsettan.se\/wp-content\/uploads\/2016\/03\/framsidan-1024x768.jpg","width":1024,"height":768,"caption":"BRF NYBERGSETTAN"},"image":{"@id":"https:\/\/nybergsettan.se\/#\/schema\/logo\/image\/"}}]}},"_links":{"self":[{"href":"https:\/\/nybergsettan.se\/index.php?rest_route=\/wp\/v2\/pages\/90","targetHints":{"allow":["GET"]}}],"collection":[{"href":"https:\/\/nybergsettan.se\/index.php?rest_route=\/wp\/v2\/pages"}],"about":[{"href":"https:\/\/nybergsettan.se\/index.php?rest_route=\/wp\/v2\/types\/page"}],"author":[{"embeddable":true,"href":"https:\/\/nybergsettan.se\/index.php?rest_route=\/wp\/v2\/users\/1"}],"replies":[{"embeddable":true,"href":"https:\/\/nybergsettan.se\/index.php?rest_route=%2Fwp%2Fv2%2Fcomments&post=90"}],"version-history":[{"count":3,"href":"https:\/\/nybergsettan.se\/index.php?rest_route=\/wp\/v2\/pages\/90\/revisions"}],"predecessor-version":[{"id":200,"href":"https:\/\/nybergsettan.se\/index.php?rest_route=\/wp\/v2\/pages\/90\/revisions\/200"}],"up":[{"embeddable":true,"href":"https:\/\/nybergsettan.se\/index.php?rest_route=\/wp\/v2\/pages\/67"}],"wp:attachment":[{"href":"https:\/\/nybergsettan.se\/index.php?rest_route=%2Fwp%2Fv2%2Fmedia&parent=90"}],"curies":[{"name":"wp","href":"https:\/\/api.w.org\/{rel}","templated":true}]}}