{"id":79,"date":"2014-04-04T14:22:58","date_gmt":"2014-04-04T12:22:58","guid":{"rendered":"http:\/\/localhost:8080\/?page_id=79"},"modified":"2016-10-10T14:03:17","modified_gmt":"2016-10-10T12:03:17","slug":"kabel-tv","status":"publish","type":"page","link":"https:\/\/nybergsettan.se\/?page_id=79","title":{"rendered":"Kabel-TV"},"content":{"rendered":"<p>Fr\u00e5n och med 1\/10-2016 f\u00e5r vi kabel-TV\u00a0genom Ownits IPTV tj\u00e4nst. Basutbudet ing\u00e5r i m\u00e5nadsavgiften<\/p>\n<p>En f\u00f6ruts\u00e4ttning f\u00f6r att kunna se p\u00e5 TV kanalerna \u00e4r att man har en digital box samt en tj\u00e4nstef\u00f6rdelare fr\u00e5n Ownit.<\/p>\n<p>B\u00e5de digital boxen och tj\u00e4nstef\u00f6rdelaren tillh\u00f6r l\u00e4genheten och b\u00f6r l\u00e4mnas kvar vid f\u00f6rs\u00e4ljning av l\u00e4genheten.<\/p>\n","protected":false},"excerpt":{"rendered":"<p>Fr\u00e5n och med 1\/10-2016 f\u00e5r vi kabel-TV\u00a0genom Ownits IPTV tj\u00e4nst. Basutbudet ing\u00e5r i m\u00e5nadsavgiften En f\u00f6ruts\u00e4ttning f\u00f6r att kunna se p\u00e5 TV kanalerna \u00e4r att man har en digital box samt en tj\u00e4nstef\u00f6rdelare fr\u00e5n Ownit. B\u00e5de digital boxen och tj\u00e4nstef\u00f6rdelaren tillh\u00f6r l\u00e4genheten och b\u00f6r l\u00e4mnas kvar vid f\u00f6rs\u00e4ljning av l\u00e4genheten.<\/p>\n","protected":false},"author":1,"featured_media":0,"parent":67,"menu_order":0,"comment_status":"closed","ping_status":"closed","template":"","meta":{"footnotes":""},"class_list":["post-79","page","type-page","status-publish","hentry"],"yoast_head":"<!-- This site is optimized with the Yoast SEO plugin v24.6 - https:\/\/yoast.com\/wordpress\/plugins\/seo\/ -->\n<title>Kabel-TV - BRF NYBERGSETTAN<\/title>\n<meta name=\"robots\" content=\"index, follow, max-snippet:-1, max-image-preview:large, max-video-preview:-1\" \/>\n<link rel=\"canonical\" href=\"https:\/\/nybergsettan.se\/?page_id=79\" \/>\n<meta property=\"og:locale\" content=\"sv_SE\" \/>\n<meta property=\"og:type\" content=\"article\" \/>\n<meta property=\"og:title\" content=\"Kabel-TV - BRF NYBERGSETTAN\" \/>\n<meta property=\"og:description\" content=\"Fr\u00e5n och med 1\/10-2016 f\u00e5r vi kabel-TV\u00a0genom Ownits IPTV tj\u00e4nst. Basutbudet ing\u00e5r i m\u00e5nadsavgiften En f\u00f6ruts\u00e4ttning f\u00f6r att kunna se p\u00e5 TV kanalerna \u00e4r att man har en digital box samt en tj\u00e4nstef\u00f6rdelare fr\u00e5n Ownit. B\u00e5de digital boxen och tj\u00e4nstef\u00f6rdelaren tillh\u00f6r l\u00e4genheten och b\u00f6r l\u00e4mnas kvar vid f\u00f6rs\u00e4ljning av l\u00e4genheten.\" \/>\n<meta property=\"og:url\" content=\"https:\/\/nybergsettan.se\/?page_id=79\" \/>\n<meta property=\"og:site_name\" content=\"BRF NYBERGSETTAN\" \/>\n<meta property=\"article:modified_time\" content=\"2016-10-10T12:03:17+00:00\" \/>\n<meta name=\"twitter:card\" content=\"summary_large_image\" \/>\n<script type=\"application\/ld+json\" class=\"yoast-schema-graph\">{\"@context\":\"https:\/\/schema.org\",\"@graph\":[{\"@type\":\"WebPage\",\"@id\":\"https:\/\/nybergsettan.se\/?page_id=79\",\"url\":\"https:\/\/nybergsettan.se\/?page_id=79\",\"name\":\"Kabel-TV - BRF NYBERGSETTAN\",\"isPartOf\":{\"@id\":\"https:\/\/nybergsettan.se\/#website\"},\"datePublished\":\"2014-04-04T12:22:58+00:00\",\"dateModified\":\"2016-10-10T12:03:17+00:00\",\"breadcrumb\":{\"@id\":\"https:\/\/nybergsettan.se\/?page_id=79#breadcrumb\"},\"inLanguage\":\"sv-SE\",\"potentialAction\":[{\"@type\":\"ReadAction\",\"target\":[\"https:\/\/nybergsettan.se\/?page_id=79\"]}]},{\"@type\":\"BreadcrumbList\",\"@id\":\"https:\/\/nybergsettan.se\/?page_id=79#breadcrumb\",\"itemListElement\":[{\"@type\":\"ListItem\",\"position\":1,\"name\":\"Hem\",\"item\":\"https:\/\/nybergsettan.se\/\"},{\"@type\":\"ListItem\",\"position\":2,\"name\":\"Fastiheten\",\"item\":\"https:\/\/nybergsettan.se\/?page_id=67\"},{\"@type\":\"ListItem\",\"position\":3,\"name\":\"Kabel-TV\"}]},{\"@type\":\"WebSite\",\"@id\":\"https:\/\/nybergsettan.se\/#website\",\"url\":\"https:\/\/nybergsettan.se\/\",\"name\":\"BRF NYBERGSETTAN\",\"description\":\"\",\"publisher\":{\"@id\":\"https:\/\/nybergsettan.se\/#organization\"},\"potentialAction\":[{\"@type\":\"SearchAction\",\"target\":{\"@type\":\"EntryPoint\",\"urlTemplate\":\"https:\/\/nybergsettan.se\/?s={search_term_string}\"},\"query-input\":{\"@type\":\"PropertyValueSpecification\",\"valueRequired\":true,\"valueName\":\"search_term_string\"}}],\"inLanguage\":\"sv-SE\"},{\"@type\":\"Organization\",\"@id\":\"https:\/\/nybergsettan.se\/#organization\",\"name\":\"BRF NYBERGSETTAN\",\"url\":\"https:\/\/nybergsettan.se\/\",\"logo\":{\"@type\":\"ImageObject\",\"inLanguage\":\"sv-SE\",\"@id\":\"https:\/\/nybergsettan.se\/#\/schema\/logo\/image\/\",\"url\":\"https:\/\/nybergsettan.se\/wp-content\/uploads\/2016\/03\/framsidan-1024x768.jpg\",\"contentUrl\":\"https:\/\/nybergsettan.se\/wp-content\/uploads\/2016\/03\/framsidan-1024x768.jpg\",\"width\":1024,\"height\":768,\"caption\":\"BRF NYBERGSETTAN\"},\"image\":{\"@id\":\"https:\/\/nybergsettan.se\/#\/schema\/logo\/image\/\"}}]}<\/script>\n<!-- \/ Yoast SEO plugin. -->","yoast_head_json":{"title":"Kabel-TV - BRF NYBERGSETTAN","robots":{"index":"index","follow":"follow","max-snippet":"max-snippet:-1","max-image-preview":"max-image-preview:large","max-video-preview":"max-video-preview:-1"},"canonical":"https:\/\/nybergsettan.se\/?page_id=79","og_locale":"sv_SE","og_type":"article","og_title":"Kabel-TV - BRF NYBERGSETTAN","og_description":"Fr\u00e5n och med 1\/10-2016 f\u00e5r vi kabel-TV\u00a0genom Ownits IPTV tj\u00e4nst. Basutbudet ing\u00e5r i m\u00e5nadsavgiften En f\u00f6ruts\u00e4ttning f\u00f6r att kunna se p\u00e5 TV kanalerna \u00e4r att man har en digital box samt en tj\u00e4nstef\u00f6rdelare fr\u00e5n Ownit. B\u00e5de digital boxen och tj\u00e4nstef\u00f6rdelaren tillh\u00f6r l\u00e4genheten och b\u00f6r l\u00e4mnas kvar vid f\u00f6rs\u00e4ljning av l\u00e4genheten.","og_url":"https:\/\/nybergsettan.se\/?page_id=79","og_site_name":"BRF NYBERGSETTAN","article_modified_time":"2016-10-10T12:03:17+00:00","twitter_card":"summary_large_image","schema":{"@context":"https:\/\/schema.org","@graph":[{"@type":"WebPage","@id":"https:\/\/nybergsettan.se\/?page_id=79","url":"https:\/\/nybergsettan.se\/?page_id=79","name":"Kabel-TV - BRF NYBERGSETTAN","isPartOf":{"@id":"https:\/\/nybergsettan.se\/#website"},"datePublished":"2014-04-04T12:22:58+00:00","dateModified":"2016-10-10T12:03:17+00:00","breadcrumb":{"@id":"https:\/\/nybergsettan.se\/?page_id=79#breadcrumb"},"inLanguage":"sv-SE","potentialAction":[{"@type":"ReadAction","target":["https:\/\/nybergsettan.se\/?page_id=79"]}]},{"@type":"BreadcrumbList","@id":"https:\/\/nybergsettan.se\/?page_id=79#breadcrumb","itemListElement":[{"@type":"ListItem","position":1,"name":"Hem","item":"https:\/\/nybergsettan.se\/"},{"@type":"ListItem","position":2,"name":"Fastiheten","item":"https:\/\/nybergsettan.se\/?page_id=67"},{"@type":"ListItem","position":3,"name":"Kabel-TV"}]},{"@type":"WebSite","@id":"https:\/\/nybergsettan.se\/#website","url":"https:\/\/nybergsettan.se\/","name":"BRF NYBERGSETTAN","description":"","publisher":{"@id":"https:\/\/nybergsettan.se\/#organization"},"potentialAction":[{"@type":"SearchAction","target":{"@type":"EntryPoint","urlTemplate":"https:\/\/nybergsettan.se\/?s={search_term_string}"},"query-input":{"@type":"PropertyValueSpecification","valueRequired":true,"valueName":"search_term_string"}}],"inLanguage":"sv-SE"},{"@type":"Organization","@id":"https:\/\/nybergsettan.se\/#organization","name":"BRF NYBERGSETTAN","url":"https:\/\/nybergsettan.se\/","logo":{"@type":"ImageObject","inLanguage":"sv-SE","@id":"https:\/\/nybergsettan.se\/#\/schema\/logo\/image\/","url":"https:\/\/nybergsettan.se\/wp-content\/uploads\/2016\/03\/framsidan-1024x768.jpg","contentUrl":"https:\/\/nybergsettan.se\/wp-content\/uploads\/2016\/03\/framsidan-1024x768.jpg","width":1024,"height":768,"caption":"BRF NYBERGSETTAN"},"image":{"@id":"https:\/\/nybergsettan.se\/#\/schema\/logo\/image\/"}}]}},"_links":{"self":[{"href":"https:\/\/nybergsettan.se\/index.php?rest_route=\/wp\/v2\/pages\/79","targetHints":{"allow":["GET"]}}],"collection":[{"href":"https:\/\/nybergsettan.se\/index.php?rest_route=\/wp\/v2\/pages"}],"about":[{"href":"https:\/\/nybergsettan.se\/index.php?rest_route=\/wp\/v2\/types\/page"}],"author":[{"embeddable":true,"href":"https:\/\/nybergsettan.se\/index.php?rest_route=\/wp\/v2\/users\/1"}],"replies":[{"embeddable":true,"href":"https:\/\/nybergsettan.se\/index.php?rest_route=%2Fwp%2Fv2%2Fcomments&post=79"}],"version-history":[{"count":5,"href":"https:\/\/nybergsettan.se\/index.php?rest_route=\/wp\/v2\/pages\/79\/revisions"}],"predecessor-version":[{"id":255,"href":"https:\/\/nybergsettan.se\/index.php?rest_route=\/wp\/v2\/pages\/79\/revisions\/255"}],"up":[{"embeddable":true,"href":"https:\/\/nybergsettan.se\/index.php?rest_route=\/wp\/v2\/pages\/67"}],"wp:attachment":[{"href":"https:\/\/nybergsettan.se\/index.php?rest_route=%2Fwp%2Fv2%2Fmedia&parent=79"}],"curies":[{"name":"wp","href":"https:\/\/api.w.org\/{rel}","templated":true}]}}