{"id":76,"date":"2014-04-04T14:22:34","date_gmt":"2014-04-04T12:22:34","guid":{"rendered":"http:\/\/localhost:8080\/?page_id=76"},"modified":"2016-08-23T15:39:44","modified_gmt":"2016-08-23T13:39:44","slug":"sophantering","status":"publish","type":"page","link":"https:\/\/nybergsettan.se\/?page_id=76","title":{"rendered":"Sophantering"},"content":{"rendered":"<p>Soprummet ligger mellan port 16 och 18.<br \/>\nD\u00e4r har vi m\u00f6jlighet till k\u00e4llsortering samt hush\u00e5llssopor.<\/p>\n<p>OBS ! Det till\u00e5ts Inga grovsopor i soprummet utan det f\u00e5r man k\u00f6ra iv\u00e4g till G\u00f6rv\u00e4lns \u00c5VC och kompostanl\u00e4ggning.<br \/>\nF\u00f6r \u00f6ppettider klicka <a href=\"http:\/\/www.sorab.se\/hushall\/atervinningscentraler\/gorvaln-avc-jarfalla\/\" target=\"_blank\">h\u00e4r<\/a>.<\/p>\n<p><strong>V\u00e4gbeskrivning till G\u00f6rv\u00e4lns \u00c5VC<\/strong><br \/>\nI J\u00e4rf\u00e4lla: f\u00f6lj M\u00e4larv\u00e4gen mot G\u00f6rv\u00e4ln. Tag av till h\u00f6ger, \u00c5tervinningsv\u00e4gen, strax innan grifteg\u00e5rden \u00e4r det skyltat &#8221;\u00c5tervinningscentral&#8221;<\/p>\n<p>Adress: \u00c5tervinningsv\u00e4gen, J\u00e4rf\u00e4lla<\/p>\n","protected":false},"excerpt":{"rendered":"<p>Soprummet ligger mellan port 16 och 18. D\u00e4r har vi m\u00f6jlighet till k\u00e4llsortering samt hush\u00e5llssopor. OBS ! Det till\u00e5ts Inga grovsopor i soprummet utan det f\u00e5r man k\u00f6ra iv\u00e4g till G\u00f6rv\u00e4lns \u00c5VC och kompostanl\u00e4ggning. F\u00f6r \u00f6ppettider klicka h\u00e4r. V\u00e4gbeskrivning till G\u00f6rv\u00e4lns \u00c5VC I J\u00e4rf\u00e4lla: f\u00f6lj M\u00e4larv\u00e4gen mot G\u00f6rv\u00e4ln. Tag av till h\u00f6ger, \u00c5tervinningsv\u00e4gen, strax innan [&hellip;]<\/p>\n","protected":false},"author":1,"featured_media":0,"parent":67,"menu_order":0,"comment_status":"closed","ping_status":"closed","template":"","meta":{"footnotes":""},"class_list":["post-76","page","type-page","status-publish","hentry"],"yoast_head":"<!-- This site is optimized with the Yoast SEO plugin v24.6 - https:\/\/yoast.com\/wordpress\/plugins\/seo\/ -->\n<title>Sophantering - BRF NYBERGSETTAN<\/title>\n<meta name=\"robots\" content=\"index, follow, max-snippet:-1, max-image-preview:large, max-video-preview:-1\" \/>\n<link rel=\"canonical\" href=\"https:\/\/nybergsettan.se\/?page_id=76\" \/>\n<meta property=\"og:locale\" content=\"sv_SE\" \/>\n<meta property=\"og:type\" content=\"article\" \/>\n<meta property=\"og:title\" content=\"Sophantering - BRF NYBERGSETTAN\" \/>\n<meta property=\"og:description\" content=\"Soprummet ligger mellan port 16 och 18. D\u00e4r har vi m\u00f6jlighet till k\u00e4llsortering samt hush\u00e5llssopor. OBS ! Det till\u00e5ts Inga grovsopor i soprummet utan det f\u00e5r man k\u00f6ra iv\u00e4g till G\u00f6rv\u00e4lns \u00c5VC och kompostanl\u00e4ggning. F\u00f6r \u00f6ppettider klicka h\u00e4r. V\u00e4gbeskrivning till G\u00f6rv\u00e4lns \u00c5VC I J\u00e4rf\u00e4lla: f\u00f6lj M\u00e4larv\u00e4gen mot G\u00f6rv\u00e4ln. Tag av till h\u00f6ger, \u00c5tervinningsv\u00e4gen, strax innan [&hellip;]\" \/>\n<meta property=\"og:url\" content=\"https:\/\/nybergsettan.se\/?page_id=76\" \/>\n<meta property=\"og:site_name\" content=\"BRF NYBERGSETTAN\" \/>\n<meta property=\"article:modified_time\" content=\"2016-08-23T13:39:44+00:00\" \/>\n<meta name=\"twitter:card\" content=\"summary_large_image\" \/>\n<script type=\"application\/ld+json\" class=\"yoast-schema-graph\">{\"@context\":\"https:\/\/schema.org\",\"@graph\":[{\"@type\":\"WebPage\",\"@id\":\"https:\/\/nybergsettan.se\/?page_id=76\",\"url\":\"https:\/\/nybergsettan.se\/?page_id=76\",\"name\":\"Sophantering - BRF NYBERGSETTAN\",\"isPartOf\":{\"@id\":\"https:\/\/nybergsettan.se\/#website\"},\"datePublished\":\"2014-04-04T12:22:34+00:00\",\"dateModified\":\"2016-08-23T13:39:44+00:00\",\"breadcrumb\":{\"@id\":\"https:\/\/nybergsettan.se\/?page_id=76#breadcrumb\"},\"inLanguage\":\"sv-SE\",\"potentialAction\":[{\"@type\":\"ReadAction\",\"target\":[\"https:\/\/nybergsettan.se\/?page_id=76\"]}]},{\"@type\":\"BreadcrumbList\",\"@id\":\"https:\/\/nybergsettan.se\/?page_id=76#breadcrumb\",\"itemListElement\":[{\"@type\":\"ListItem\",\"position\":1,\"name\":\"Hem\",\"item\":\"https:\/\/nybergsettan.se\/\"},{\"@type\":\"ListItem\",\"position\":2,\"name\":\"Fastiheten\",\"item\":\"https:\/\/nybergsettan.se\/?page_id=67\"},{\"@type\":\"ListItem\",\"position\":3,\"name\":\"Sophantering\"}]},{\"@type\":\"WebSite\",\"@id\":\"https:\/\/nybergsettan.se\/#website\",\"url\":\"https:\/\/nybergsettan.se\/\",\"name\":\"BRF NYBERGSETTAN\",\"description\":\"\",\"publisher\":{\"@id\":\"https:\/\/nybergsettan.se\/#organization\"},\"potentialAction\":[{\"@type\":\"SearchAction\",\"target\":{\"@type\":\"EntryPoint\",\"urlTemplate\":\"https:\/\/nybergsettan.se\/?s={search_term_string}\"},\"query-input\":{\"@type\":\"PropertyValueSpecification\",\"valueRequired\":true,\"valueName\":\"search_term_string\"}}],\"inLanguage\":\"sv-SE\"},{\"@type\":\"Organization\",\"@id\":\"https:\/\/nybergsettan.se\/#organization\",\"name\":\"BRF NYBERGSETTAN\",\"url\":\"https:\/\/nybergsettan.se\/\",\"logo\":{\"@type\":\"ImageObject\",\"inLanguage\":\"sv-SE\",\"@id\":\"https:\/\/nybergsettan.se\/#\/schema\/logo\/image\/\",\"url\":\"https:\/\/nybergsettan.se\/wp-content\/uploads\/2016\/03\/framsidan-1024x768.jpg\",\"contentUrl\":\"https:\/\/nybergsettan.se\/wp-content\/uploads\/2016\/03\/framsidan-1024x768.jpg\",\"width\":1024,\"height\":768,\"caption\":\"BRF NYBERGSETTAN\"},\"image\":{\"@id\":\"https:\/\/nybergsettan.se\/#\/schema\/logo\/image\/\"}}]}<\/script>\n<!-- \/ Yoast SEO plugin. -->","yoast_head_json":{"title":"Sophantering - BRF NYBERGSETTAN","robots":{"index":"index","follow":"follow","max-snippet":"max-snippet:-1","max-image-preview":"max-image-preview:large","max-video-preview":"max-video-preview:-1"},"canonical":"https:\/\/nybergsettan.se\/?page_id=76","og_locale":"sv_SE","og_type":"article","og_title":"Sophantering - BRF NYBERGSETTAN","og_description":"Soprummet ligger mellan port 16 och 18. D\u00e4r har vi m\u00f6jlighet till k\u00e4llsortering samt hush\u00e5llssopor. OBS ! Det till\u00e5ts Inga grovsopor i soprummet utan det f\u00e5r man k\u00f6ra iv\u00e4g till G\u00f6rv\u00e4lns \u00c5VC och kompostanl\u00e4ggning. F\u00f6r \u00f6ppettider klicka h\u00e4r. V\u00e4gbeskrivning till G\u00f6rv\u00e4lns \u00c5VC I J\u00e4rf\u00e4lla: f\u00f6lj M\u00e4larv\u00e4gen mot G\u00f6rv\u00e4ln. Tag av till h\u00f6ger, \u00c5tervinningsv\u00e4gen, strax innan [&hellip;]","og_url":"https:\/\/nybergsettan.se\/?page_id=76","og_site_name":"BRF NYBERGSETTAN","article_modified_time":"2016-08-23T13:39:44+00:00","twitter_card":"summary_large_image","schema":{"@context":"https:\/\/schema.org","@graph":[{"@type":"WebPage","@id":"https:\/\/nybergsettan.se\/?page_id=76","url":"https:\/\/nybergsettan.se\/?page_id=76","name":"Sophantering - BRF NYBERGSETTAN","isPartOf":{"@id":"https:\/\/nybergsettan.se\/#website"},"datePublished":"2014-04-04T12:22:34+00:00","dateModified":"2016-08-23T13:39:44+00:00","breadcrumb":{"@id":"https:\/\/nybergsettan.se\/?page_id=76#breadcrumb"},"inLanguage":"sv-SE","potentialAction":[{"@type":"ReadAction","target":["https:\/\/nybergsettan.se\/?page_id=76"]}]},{"@type":"BreadcrumbList","@id":"https:\/\/nybergsettan.se\/?page_id=76#breadcrumb","itemListElement":[{"@type":"ListItem","position":1,"name":"Hem","item":"https:\/\/nybergsettan.se\/"},{"@type":"ListItem","position":2,"name":"Fastiheten","item":"https:\/\/nybergsettan.se\/?page_id=67"},{"@type":"ListItem","position":3,"name":"Sophantering"}]},{"@type":"WebSite","@id":"https:\/\/nybergsettan.se\/#website","url":"https:\/\/nybergsettan.se\/","name":"BRF NYBERGSETTAN","description":"","publisher":{"@id":"https:\/\/nybergsettan.se\/#organization"},"potentialAction":[{"@type":"SearchAction","target":{"@type":"EntryPoint","urlTemplate":"https:\/\/nybergsettan.se\/?s={search_term_string}"},"query-input":{"@type":"PropertyValueSpecification","valueRequired":true,"valueName":"search_term_string"}}],"inLanguage":"sv-SE"},{"@type":"Organization","@id":"https:\/\/nybergsettan.se\/#organization","name":"BRF NYBERGSETTAN","url":"https:\/\/nybergsettan.se\/","logo":{"@type":"ImageObject","inLanguage":"sv-SE","@id":"https:\/\/nybergsettan.se\/#\/schema\/logo\/image\/","url":"https:\/\/nybergsettan.se\/wp-content\/uploads\/2016\/03\/framsidan-1024x768.jpg","contentUrl":"https:\/\/nybergsettan.se\/wp-content\/uploads\/2016\/03\/framsidan-1024x768.jpg","width":1024,"height":768,"caption":"BRF NYBERGSETTAN"},"image":{"@id":"https:\/\/nybergsettan.se\/#\/schema\/logo\/image\/"}}]}},"_links":{"self":[{"href":"https:\/\/nybergsettan.se\/index.php?rest_route=\/wp\/v2\/pages\/76","targetHints":{"allow":["GET"]}}],"collection":[{"href":"https:\/\/nybergsettan.se\/index.php?rest_route=\/wp\/v2\/pages"}],"about":[{"href":"https:\/\/nybergsettan.se\/index.php?rest_route=\/wp\/v2\/types\/page"}],"author":[{"embeddable":true,"href":"https:\/\/nybergsettan.se\/index.php?rest_route=\/wp\/v2\/users\/1"}],"replies":[{"embeddable":true,"href":"https:\/\/nybergsettan.se\/index.php?rest_route=%2Fwp%2Fv2%2Fcomments&post=76"}],"version-history":[{"count":3,"href":"https:\/\/nybergsettan.se\/index.php?rest_route=\/wp\/v2\/pages\/76\/revisions"}],"predecessor-version":[{"id":239,"href":"https:\/\/nybergsettan.se\/index.php?rest_route=\/wp\/v2\/pages\/76\/revisions\/239"}],"up":[{"embeddable":true,"href":"https:\/\/nybergsettan.se\/index.php?rest_route=\/wp\/v2\/pages\/67"}],"wp:attachment":[{"href":"https:\/\/nybergsettan.se\/index.php?rest_route=%2Fwp%2Fv2%2Fmedia&parent=76"}],"curies":[{"name":"wp","href":"https:\/\/api.w.org\/{rel}","templated":true}]}}