{"id":29,"date":"2014-04-04T11:15:21","date_gmt":"2014-04-04T09:15:21","guid":{"rendered":"http:\/\/localhost:8080\/?page_id=29"},"modified":"2024-05-30T15:32:20","modified_gmt":"2024-05-30T13:32:20","slug":"ekonomi","status":"publish","type":"page","link":"https:\/\/nybergsettan.se\/?page_id=29","title":{"rendered":"\u00c5rsredovisning"},"content":{"rendered":"<p>H\u00e4r hittar du bostadsr\u00e4ttsf\u00f6reningens senaste \u00e5rsredovisningar!<\/p>\n\n\n<ul class=\"wp-block-list\">\n<li><a href=\"http:\/\/nybergsettan.se\/wp-content\/uploads\/2024\/05\/Brf-Nybergsettan-2023-Arsredovisning-Revisionsberattelse.pdf\" target=\"_blank\" rel=\"noreferrer noopener\">\u00c5rsredovisning f\u00f6r \u00e5r 2023<\/a><\/li>\n\n\n\n<li><a href=\"http:\/\/nybergsettan.se\/wp-content\/uploads\/2023\/05\/Brf-Nybergsettan-2022-Arsredovisning-Revisionsberattelse.pdf\" target=\"_blank\" rel=\"noreferrer noopener\">\u00c5rsredovisning f\u00f6r \u00e5r 2022<\/a><\/li>\n\n\n\n<li><a href=\"http:\/\/nybergsettan.se\/wp-content\/uploads\/2023\/05\/Brf-Nybergsettan-2021-Arsredovisning-Revisionsberattelse.pdf\" target=\"_blank\" rel=\"noreferrer noopener\">\u00c5rsredovisning f\u00f6r \u00e5r 2021<\/a><\/li>\n\n\n\n<li><a href=\"http:\/\/nybergsettan.se\/wp-content\/uploads\/2023\/05\/Brf-Nybergsettan-2020-Arsredovisning-Revisionsberattelse.pdf\" data-type=\"URL\" data-id=\"http:\/\/nybergsettan.se\/wp-content\/uploads\/2023\/05\/Brf-Nybergsettan-2020-Arsredovisning-Revisionsberattelse.pdf\">\u00c5rsredovisning f\u00f6r \u00e5r 2020<\/a><\/li>\n\n\n\n<li><a href=\"http:\/\/nybergsettan.se\/wp-content\/uploads\/2023\/05\/Brf-Nybergsettan-2019-Arsredovisning-Revisionsberattelse.pdf\" data-type=\"URL\" data-id=\"http:\/\/nybergsettan.se\/wp-content\/uploads\/2023\/05\/Brf-Nybergsettan-2019-Arsredovisning-Revisionsberattelse.pdf\">\u00c5rsredovisning f\u00f6r \u00e5r 2019<\/a><\/li>\n\n\n\n<li><a href=\"http:\/\/nybergsettan.se\/wp-content\/uploads\/2019\/10\/Brf-Nybergsettan-2018-\u00c5rsredovisning.pdf\" target=\"_blank\" rel=\"noreferrer noopener\">\u00c5rsredovisning f\u00f6r \u00e5r 2018<\/a><\/li>\n<\/ul>\n","protected":false},"excerpt":{"rendered":"<p>H\u00e4r hittar du bostadsr\u00e4ttsf\u00f6reningens senaste \u00e5rsredovisningar!<\/p>\n","protected":false},"author":1,"featured_media":0,"parent":16,"menu_order":0,"comment_status":"open","ping_status":"open","template":"","meta":{"footnotes":""},"class_list":["post-29","page","type-page","status-publish","hentry"],"yoast_head":"<!-- This site is optimized with the Yoast SEO plugin v24.6 - https:\/\/yoast.com\/wordpress\/plugins\/seo\/ -->\n<title>\u00c5rsredovisning - BRF NYBERGSETTAN<\/title>\n<meta name=\"robots\" content=\"index, follow, max-snippet:-1, max-image-preview:large, max-video-preview:-1\" \/>\n<link rel=\"canonical\" href=\"https:\/\/nybergsettan.se\/?page_id=29\" \/>\n<meta property=\"og:locale\" content=\"sv_SE\" \/>\n<meta property=\"og:type\" content=\"article\" \/>\n<meta property=\"og:title\" content=\"\u00c5rsredovisning - BRF NYBERGSETTAN\" \/>\n<meta property=\"og:description\" content=\"H\u00e4r hittar du bostadsr\u00e4ttsf\u00f6reningens senaste \u00e5rsredovisningar!\" \/>\n<meta property=\"og:url\" content=\"https:\/\/nybergsettan.se\/?page_id=29\" \/>\n<meta property=\"og:site_name\" content=\"BRF NYBERGSETTAN\" \/>\n<meta property=\"article:modified_time\" content=\"2024-05-30T13:32:20+00:00\" \/>\n<meta name=\"twitter:card\" content=\"summary_large_image\" \/>\n<meta name=\"twitter:label1\" content=\"Ber\u00e4knad l\u00e4stid\" \/>\n\t<meta name=\"twitter:data1\" content=\"1 minut\" \/>\n<script type=\"application\/ld+json\" class=\"yoast-schema-graph\">{\"@context\":\"https:\/\/schema.org\",\"@graph\":[{\"@type\":\"WebPage\",\"@id\":\"https:\/\/nybergsettan.se\/?page_id=29\",\"url\":\"https:\/\/nybergsettan.se\/?page_id=29\",\"name\":\"\u00c5rsredovisning - BRF NYBERGSETTAN\",\"isPartOf\":{\"@id\":\"https:\/\/nybergsettan.se\/#website\"},\"datePublished\":\"2014-04-04T09:15:21+00:00\",\"dateModified\":\"2024-05-30T13:32:20+00:00\",\"breadcrumb\":{\"@id\":\"https:\/\/nybergsettan.se\/?page_id=29#breadcrumb\"},\"inLanguage\":\"sv-SE\",\"potentialAction\":[{\"@type\":\"ReadAction\",\"target\":[\"https:\/\/nybergsettan.se\/?page_id=29\"]}]},{\"@type\":\"BreadcrumbList\",\"@id\":\"https:\/\/nybergsettan.se\/?page_id=29#breadcrumb\",\"itemListElement\":[{\"@type\":\"ListItem\",\"position\":1,\"name\":\"Hem\",\"item\":\"https:\/\/nybergsettan.se\/\"},{\"@type\":\"ListItem\",\"position\":2,\"name\":\"Om f\u00f6reningen\",\"item\":\"https:\/\/nybergsettan.se\/?page_id=16\"},{\"@type\":\"ListItem\",\"position\":3,\"name\":\"\u00c5rsredovisning\"}]},{\"@type\":\"WebSite\",\"@id\":\"https:\/\/nybergsettan.se\/#website\",\"url\":\"https:\/\/nybergsettan.se\/\",\"name\":\"BRF NYBERGSETTAN\",\"description\":\"\",\"publisher\":{\"@id\":\"https:\/\/nybergsettan.se\/#organization\"},\"potentialAction\":[{\"@type\":\"SearchAction\",\"target\":{\"@type\":\"EntryPoint\",\"urlTemplate\":\"https:\/\/nybergsettan.se\/?s={search_term_string}\"},\"query-input\":{\"@type\":\"PropertyValueSpecification\",\"valueRequired\":true,\"valueName\":\"search_term_string\"}}],\"inLanguage\":\"sv-SE\"},{\"@type\":\"Organization\",\"@id\":\"https:\/\/nybergsettan.se\/#organization\",\"name\":\"BRF NYBERGSETTAN\",\"url\":\"https:\/\/nybergsettan.se\/\",\"logo\":{\"@type\":\"ImageObject\",\"inLanguage\":\"sv-SE\",\"@id\":\"https:\/\/nybergsettan.se\/#\/schema\/logo\/image\/\",\"url\":\"https:\/\/nybergsettan.se\/wp-content\/uploads\/2016\/03\/framsidan-1024x768.jpg\",\"contentUrl\":\"https:\/\/nybergsettan.se\/wp-content\/uploads\/2016\/03\/framsidan-1024x768.jpg\",\"width\":1024,\"height\":768,\"caption\":\"BRF NYBERGSETTAN\"},\"image\":{\"@id\":\"https:\/\/nybergsettan.se\/#\/schema\/logo\/image\/\"}}]}<\/script>\n<!-- \/ Yoast SEO plugin. -->","yoast_head_json":{"title":"\u00c5rsredovisning - BRF NYBERGSETTAN","robots":{"index":"index","follow":"follow","max-snippet":"max-snippet:-1","max-image-preview":"max-image-preview:large","max-video-preview":"max-video-preview:-1"},"canonical":"https:\/\/nybergsettan.se\/?page_id=29","og_locale":"sv_SE","og_type":"article","og_title":"\u00c5rsredovisning - BRF NYBERGSETTAN","og_description":"H\u00e4r hittar du bostadsr\u00e4ttsf\u00f6reningens senaste \u00e5rsredovisningar!","og_url":"https:\/\/nybergsettan.se\/?page_id=29","og_site_name":"BRF NYBERGSETTAN","article_modified_time":"2024-05-30T13:32:20+00:00","twitter_card":"summary_large_image","twitter_misc":{"Ber\u00e4knad l\u00e4stid":"1 minut"},"schema":{"@context":"https:\/\/schema.org","@graph":[{"@type":"WebPage","@id":"https:\/\/nybergsettan.se\/?page_id=29","url":"https:\/\/nybergsettan.se\/?page_id=29","name":"\u00c5rsredovisning - BRF NYBERGSETTAN","isPartOf":{"@id":"https:\/\/nybergsettan.se\/#website"},"datePublished":"2014-04-04T09:15:21+00:00","dateModified":"2024-05-30T13:32:20+00:00","breadcrumb":{"@id":"https:\/\/nybergsettan.se\/?page_id=29#breadcrumb"},"inLanguage":"sv-SE","potentialAction":[{"@type":"ReadAction","target":["https:\/\/nybergsettan.se\/?page_id=29"]}]},{"@type":"BreadcrumbList","@id":"https:\/\/nybergsettan.se\/?page_id=29#breadcrumb","itemListElement":[{"@type":"ListItem","position":1,"name":"Hem","item":"https:\/\/nybergsettan.se\/"},{"@type":"ListItem","position":2,"name":"Om f\u00f6reningen","item":"https:\/\/nybergsettan.se\/?page_id=16"},{"@type":"ListItem","position":3,"name":"\u00c5rsredovisning"}]},{"@type":"WebSite","@id":"https:\/\/nybergsettan.se\/#website","url":"https:\/\/nybergsettan.se\/","name":"BRF NYBERGSETTAN","description":"","publisher":{"@id":"https:\/\/nybergsettan.se\/#organization"},"potentialAction":[{"@type":"SearchAction","target":{"@type":"EntryPoint","urlTemplate":"https:\/\/nybergsettan.se\/?s={search_term_string}"},"query-input":{"@type":"PropertyValueSpecification","valueRequired":true,"valueName":"search_term_string"}}],"inLanguage":"sv-SE"},{"@type":"Organization","@id":"https:\/\/nybergsettan.se\/#organization","name":"BRF NYBERGSETTAN","url":"https:\/\/nybergsettan.se\/","logo":{"@type":"ImageObject","inLanguage":"sv-SE","@id":"https:\/\/nybergsettan.se\/#\/schema\/logo\/image\/","url":"https:\/\/nybergsettan.se\/wp-content\/uploads\/2016\/03\/framsidan-1024x768.jpg","contentUrl":"https:\/\/nybergsettan.se\/wp-content\/uploads\/2016\/03\/framsidan-1024x768.jpg","width":1024,"height":768,"caption":"BRF NYBERGSETTAN"},"image":{"@id":"https:\/\/nybergsettan.se\/#\/schema\/logo\/image\/"}}]}},"_links":{"self":[{"href":"https:\/\/nybergsettan.se\/index.php?rest_route=\/wp\/v2\/pages\/29","targetHints":{"allow":["GET"]}}],"collection":[{"href":"https:\/\/nybergsettan.se\/index.php?rest_route=\/wp\/v2\/pages"}],"about":[{"href":"https:\/\/nybergsettan.se\/index.php?rest_route=\/wp\/v2\/types\/page"}],"author":[{"embeddable":true,"href":"https:\/\/nybergsettan.se\/index.php?rest_route=\/wp\/v2\/users\/1"}],"replies":[{"embeddable":true,"href":"https:\/\/nybergsettan.se\/index.php?rest_route=%2Fwp%2Fv2%2Fcomments&post=29"}],"version-history":[{"count":11,"href":"https:\/\/nybergsettan.se\/index.php?rest_route=\/wp\/v2\/pages\/29\/revisions"}],"predecessor-version":[{"id":392,"href":"https:\/\/nybergsettan.se\/index.php?rest_route=\/wp\/v2\/pages\/29\/revisions\/392"}],"up":[{"embeddable":true,"href":"https:\/\/nybergsettan.se\/index.php?rest_route=\/wp\/v2\/pages\/16"}],"wp:attachment":[{"href":"https:\/\/nybergsettan.se\/index.php?rest_route=%2Fwp%2Fv2%2Fmedia&parent=29"}],"curies":[{"name":"wp","href":"https:\/\/api.w.org\/{rel}","templated":true}]}}