{"id":27,"date":"2014-04-04T11:15:07","date_gmt":"2014-04-04T09:15:07","guid":{"rendered":"http:\/\/localhost:8080\/?page_id=27"},"modified":"2017-01-31T09:14:15","modified_gmt":"2017-01-31T08:14:15","slug":"vart-naromrade","status":"publish","type":"page","link":"https:\/\/nybergsettan.se\/?page_id=27","title":{"rendered":"V\u00e5rt n\u00e4romr\u00e5de"},"content":{"rendered":"<p style=\"text-align: left;\">I omr\u00e5det finns en kvartersrestaurang, ICA butik,<br \/>\nkvartersbutik, bageri och pizzeria samt bowlinghall.<\/p>\n<p style=\"text-align: left;\">Det finns ett flertal f\u00f6rskolor inom promenadavst\u00e5nd,<br \/>\nalldeles intill ligger Nybergs f\u00f6rskola.<\/p>\n<p style=\"text-align: left;\">G\u00e5 in p\u00e5 J\u00e4rf\u00e4lla kommuns hemsida <a href=\"http:\/\/www.jarfalla.se\" target=\"_blank\">www.jarfalla.se<\/a><br \/>\nf\u00f6r ytterligare information om barnomsorg och utbildning.<\/p>\n<p style=\"text-align: left;\">Ett n\u00e4t av natursk\u00f6na g\u00e5ng och cykelv\u00e4gar<br \/>\nbinder samman J\u00e4rf\u00e4lla kommun.<br \/>\nH\u00e4r \u00e4r det aldrig l\u00e5ngt till naturen<br \/>\noch inom cykelavst\u00e5nd finns b\u00e5de<br \/>\nbadplatser och stora friluftsomr\u00e5den.<br \/>\nJ\u00e4rvaf\u00e4ltet,\u00a0G\u00f6rv\u00e4ln och undersk\u00f6na \u00c4ngsj\u00f6<br \/>\nf\u00f6r att n\u00e4mna n\u00e5gra.<\/p>\n<p style=\"text-align: left;\">F\u00f6r den tr\u00e4ningsintresserade finns Sats sportsclub,<br \/>\nFriskis &amp; Svettis och badhus n\u00e4ra centrum<br \/>\noch Komethallen i Veddesta.<\/p>\n","protected":false},"excerpt":{"rendered":"<p>I omr\u00e5det finns en kvartersrestaurang, ICA butik, kvartersbutik, bageri och pizzeria samt bowlinghall. Det finns ett flertal f\u00f6rskolor inom promenadavst\u00e5nd, alldeles intill ligger Nybergs f\u00f6rskola. G\u00e5 in p\u00e5 J\u00e4rf\u00e4lla kommuns hemsida www.jarfalla.se f\u00f6r ytterligare information om barnomsorg och utbildning. Ett n\u00e4t av natursk\u00f6na g\u00e5ng och cykelv\u00e4gar binder samman J\u00e4rf\u00e4lla kommun. H\u00e4r \u00e4r det aldrig l\u00e5ngt [&hellip;]<\/p>\n","protected":false},"author":1,"featured_media":0,"parent":16,"menu_order":0,"comment_status":"open","ping_status":"open","template":"","meta":{"footnotes":""},"class_list":["post-27","page","type-page","status-publish","hentry"],"yoast_head":"<!-- This site is optimized with the Yoast SEO plugin v24.6 - https:\/\/yoast.com\/wordpress\/plugins\/seo\/ -->\n<title>V\u00e5rt n\u00e4romr\u00e5de - BRF NYBERGSETTAN<\/title>\n<meta name=\"robots\" content=\"index, follow, max-snippet:-1, max-image-preview:large, max-video-preview:-1\" \/>\n<link rel=\"canonical\" href=\"https:\/\/nybergsettan.se\/?page_id=27\" \/>\n<meta property=\"og:locale\" content=\"sv_SE\" \/>\n<meta property=\"og:type\" content=\"article\" \/>\n<meta property=\"og:title\" content=\"V\u00e5rt n\u00e4romr\u00e5de - BRF NYBERGSETTAN\" \/>\n<meta property=\"og:description\" content=\"I omr\u00e5det finns en kvartersrestaurang, ICA butik, kvartersbutik, bageri och pizzeria samt bowlinghall. Det finns ett flertal f\u00f6rskolor inom promenadavst\u00e5nd, alldeles intill ligger Nybergs f\u00f6rskola. G\u00e5 in p\u00e5 J\u00e4rf\u00e4lla kommuns hemsida www.jarfalla.se f\u00f6r ytterligare information om barnomsorg och utbildning. Ett n\u00e4t av natursk\u00f6na g\u00e5ng och cykelv\u00e4gar binder samman J\u00e4rf\u00e4lla kommun. H\u00e4r \u00e4r det aldrig l\u00e5ngt [&hellip;]\" \/>\n<meta property=\"og:url\" content=\"https:\/\/nybergsettan.se\/?page_id=27\" \/>\n<meta property=\"og:site_name\" content=\"BRF NYBERGSETTAN\" \/>\n<meta property=\"article:modified_time\" content=\"2017-01-31T08:14:15+00:00\" \/>\n<meta name=\"twitter:card\" content=\"summary_large_image\" \/>\n<meta name=\"twitter:label1\" content=\"Ber\u00e4knad l\u00e4stid\" \/>\n\t<meta name=\"twitter:data1\" content=\"1 minut\" \/>\n<script type=\"application\/ld+json\" class=\"yoast-schema-graph\">{\"@context\":\"https:\/\/schema.org\",\"@graph\":[{\"@type\":\"WebPage\",\"@id\":\"https:\/\/nybergsettan.se\/?page_id=27\",\"url\":\"https:\/\/nybergsettan.se\/?page_id=27\",\"name\":\"V\u00e5rt n\u00e4romr\u00e5de - BRF NYBERGSETTAN\",\"isPartOf\":{\"@id\":\"https:\/\/nybergsettan.se\/#website\"},\"datePublished\":\"2014-04-04T09:15:07+00:00\",\"dateModified\":\"2017-01-31T08:14:15+00:00\",\"breadcrumb\":{\"@id\":\"https:\/\/nybergsettan.se\/?page_id=27#breadcrumb\"},\"inLanguage\":\"sv-SE\",\"potentialAction\":[{\"@type\":\"ReadAction\",\"target\":[\"https:\/\/nybergsettan.se\/?page_id=27\"]}]},{\"@type\":\"BreadcrumbList\",\"@id\":\"https:\/\/nybergsettan.se\/?page_id=27#breadcrumb\",\"itemListElement\":[{\"@type\":\"ListItem\",\"position\":1,\"name\":\"Hem\",\"item\":\"https:\/\/nybergsettan.se\/\"},{\"@type\":\"ListItem\",\"position\":2,\"name\":\"Om f\u00f6reningen\",\"item\":\"https:\/\/nybergsettan.se\/?page_id=16\"},{\"@type\":\"ListItem\",\"position\":3,\"name\":\"V\u00e5rt n\u00e4romr\u00e5de\"}]},{\"@type\":\"WebSite\",\"@id\":\"https:\/\/nybergsettan.se\/#website\",\"url\":\"https:\/\/nybergsettan.se\/\",\"name\":\"BRF NYBERGSETTAN\",\"description\":\"\",\"publisher\":{\"@id\":\"https:\/\/nybergsettan.se\/#organization\"},\"potentialAction\":[{\"@type\":\"SearchAction\",\"target\":{\"@type\":\"EntryPoint\",\"urlTemplate\":\"https:\/\/nybergsettan.se\/?s={search_term_string}\"},\"query-input\":{\"@type\":\"PropertyValueSpecification\",\"valueRequired\":true,\"valueName\":\"search_term_string\"}}],\"inLanguage\":\"sv-SE\"},{\"@type\":\"Organization\",\"@id\":\"https:\/\/nybergsettan.se\/#organization\",\"name\":\"BRF NYBERGSETTAN\",\"url\":\"https:\/\/nybergsettan.se\/\",\"logo\":{\"@type\":\"ImageObject\",\"inLanguage\":\"sv-SE\",\"@id\":\"https:\/\/nybergsettan.se\/#\/schema\/logo\/image\/\",\"url\":\"https:\/\/nybergsettan.se\/wp-content\/uploads\/2016\/03\/framsidan-1024x768.jpg\",\"contentUrl\":\"https:\/\/nybergsettan.se\/wp-content\/uploads\/2016\/03\/framsidan-1024x768.jpg\",\"width\":1024,\"height\":768,\"caption\":\"BRF NYBERGSETTAN\"},\"image\":{\"@id\":\"https:\/\/nybergsettan.se\/#\/schema\/logo\/image\/\"}}]}<\/script>\n<!-- \/ Yoast SEO plugin. -->","yoast_head_json":{"title":"V\u00e5rt n\u00e4romr\u00e5de - BRF NYBERGSETTAN","robots":{"index":"index","follow":"follow","max-snippet":"max-snippet:-1","max-image-preview":"max-image-preview:large","max-video-preview":"max-video-preview:-1"},"canonical":"https:\/\/nybergsettan.se\/?page_id=27","og_locale":"sv_SE","og_type":"article","og_title":"V\u00e5rt n\u00e4romr\u00e5de - BRF NYBERGSETTAN","og_description":"I omr\u00e5det finns en kvartersrestaurang, ICA butik, kvartersbutik, bageri och pizzeria samt bowlinghall. Det finns ett flertal f\u00f6rskolor inom promenadavst\u00e5nd, alldeles intill ligger Nybergs f\u00f6rskola. G\u00e5 in p\u00e5 J\u00e4rf\u00e4lla kommuns hemsida www.jarfalla.se f\u00f6r ytterligare information om barnomsorg och utbildning. Ett n\u00e4t av natursk\u00f6na g\u00e5ng och cykelv\u00e4gar binder samman J\u00e4rf\u00e4lla kommun. H\u00e4r \u00e4r det aldrig l\u00e5ngt [&hellip;]","og_url":"https:\/\/nybergsettan.se\/?page_id=27","og_site_name":"BRF NYBERGSETTAN","article_modified_time":"2017-01-31T08:14:15+00:00","twitter_card":"summary_large_image","twitter_misc":{"Ber\u00e4knad l\u00e4stid":"1 minut"},"schema":{"@context":"https:\/\/schema.org","@graph":[{"@type":"WebPage","@id":"https:\/\/nybergsettan.se\/?page_id=27","url":"https:\/\/nybergsettan.se\/?page_id=27","name":"V\u00e5rt n\u00e4romr\u00e5de - BRF NYBERGSETTAN","isPartOf":{"@id":"https:\/\/nybergsettan.se\/#website"},"datePublished":"2014-04-04T09:15:07+00:00","dateModified":"2017-01-31T08:14:15+00:00","breadcrumb":{"@id":"https:\/\/nybergsettan.se\/?page_id=27#breadcrumb"},"inLanguage":"sv-SE","potentialAction":[{"@type":"ReadAction","target":["https:\/\/nybergsettan.se\/?page_id=27"]}]},{"@type":"BreadcrumbList","@id":"https:\/\/nybergsettan.se\/?page_id=27#breadcrumb","itemListElement":[{"@type":"ListItem","position":1,"name":"Hem","item":"https:\/\/nybergsettan.se\/"},{"@type":"ListItem","position":2,"name":"Om f\u00f6reningen","item":"https:\/\/nybergsettan.se\/?page_id=16"},{"@type":"ListItem","position":3,"name":"V\u00e5rt n\u00e4romr\u00e5de"}]},{"@type":"WebSite","@id":"https:\/\/nybergsettan.se\/#website","url":"https:\/\/nybergsettan.se\/","name":"BRF NYBERGSETTAN","description":"","publisher":{"@id":"https:\/\/nybergsettan.se\/#organization"},"potentialAction":[{"@type":"SearchAction","target":{"@type":"EntryPoint","urlTemplate":"https:\/\/nybergsettan.se\/?s={search_term_string}"},"query-input":{"@type":"PropertyValueSpecification","valueRequired":true,"valueName":"search_term_string"}}],"inLanguage":"sv-SE"},{"@type":"Organization","@id":"https:\/\/nybergsettan.se\/#organization","name":"BRF NYBERGSETTAN","url":"https:\/\/nybergsettan.se\/","logo":{"@type":"ImageObject","inLanguage":"sv-SE","@id":"https:\/\/nybergsettan.se\/#\/schema\/logo\/image\/","url":"https:\/\/nybergsettan.se\/wp-content\/uploads\/2016\/03\/framsidan-1024x768.jpg","contentUrl":"https:\/\/nybergsettan.se\/wp-content\/uploads\/2016\/03\/framsidan-1024x768.jpg","width":1024,"height":768,"caption":"BRF NYBERGSETTAN"},"image":{"@id":"https:\/\/nybergsettan.se\/#\/schema\/logo\/image\/"}}]}},"_links":{"self":[{"href":"https:\/\/nybergsettan.se\/index.php?rest_route=\/wp\/v2\/pages\/27","targetHints":{"allow":["GET"]}}],"collection":[{"href":"https:\/\/nybergsettan.se\/index.php?rest_route=\/wp\/v2\/pages"}],"about":[{"href":"https:\/\/nybergsettan.se\/index.php?rest_route=\/wp\/v2\/types\/page"}],"author":[{"embeddable":true,"href":"https:\/\/nybergsettan.se\/index.php?rest_route=\/wp\/v2\/users\/1"}],"replies":[{"embeddable":true,"href":"https:\/\/nybergsettan.se\/index.php?rest_route=%2Fwp%2Fv2%2Fcomments&post=27"}],"version-history":[{"count":11,"href":"https:\/\/nybergsettan.se\/index.php?rest_route=\/wp\/v2\/pages\/27\/revisions"}],"predecessor-version":[{"id":282,"href":"https:\/\/nybergsettan.se\/index.php?rest_route=\/wp\/v2\/pages\/27\/revisions\/282"}],"up":[{"embeddable":true,"href":"https:\/\/nybergsettan.se\/index.php?rest_route=\/wp\/v2\/pages\/16"}],"wp:attachment":[{"href":"https:\/\/nybergsettan.se\/index.php?rest_route=%2Fwp%2Fv2%2Fmedia&parent=27"}],"curies":[{"name":"wp","href":"https:\/\/api.w.org\/{rel}","templated":true}]}}