{"id":228,"date":"2016-06-01T14:53:41","date_gmt":"2016-06-01T12:53:41","guid":{"rendered":"http:\/\/nybergsettan.se\/?page_id=228"},"modified":"2018-01-15T13:20:39","modified_gmt":"2018-01-15T12:20:39","slug":"andrahandsuthyrning","status":"publish","type":"page","link":"https:\/\/nybergsettan.se\/?page_id=228","title":{"rendered":"Andrahandsuthyrning"},"content":{"rendered":"<p>Som bostadsr\u00e4ttsinnehavare f\u00e5r du lov att uppl\u00e5ta din l\u00e4genhet i andra hand endast om styrelsen l\u00e4mnar tillst\u00e5nd till detta.<\/p>\n<p>Tillst\u00e5nd l\u00e4mnas om det finns synnerliga sk\u00e4l till andrahandsuthyrning, t.ex. tillf\u00e4lligt arbete eller studier p\u00e5 annan ort, provboende med sambo eller d\u00e5 hyresg\u00e4sten pga. \u00e5lder, sjukdom eller s\u00e4rskilda familjef\u00f6rh\u00e5llanden har beaktningsv\u00e4rda sk\u00e4l f\u00f6r uppl\u00e5telse av l\u00e4genheten.<\/p>\n<p>Tillst\u00e5ndet skall alltid tidsbegr\u00e4nsas till en viss tid. Om byte av andrahandshyresg\u00e4st sker, skall nytt tillst\u00e5nd s\u00f6kas hos styrelsen.Kom ih\u00e5g att det \u00e4r du, som \u00e4r bostadsr\u00e4ttsinnehavare, som \u00e4r ansvarig f\u00f6r l\u00e4genheten \u00e4ven under den tid du har f\u00e5tt till\u00e5telse att hyra ut den!<\/p>\n<p>Din hemf\u00f6rs\u00e4kring t\u00e4cker inte andrahandshyresg\u00e4sten. Andrahandshyresg\u00e4sten \u00e4r d\u00e4rf\u00f6r skyldig att teckna egen hemf\u00f6rs\u00e4kring. Kontakta ditt f\u00f6rs\u00e4kringsbolag och fr\u00e5ga vad som g\u00e4ller.<\/p>\n<p><strong>OBS!<\/strong> Ans\u00f6kan om andrahandsuthyrning skall g\u00f6ras skriftligen till styrelsen senast 5 veckor innan den eventuelle uthyrningen skall starta. Sk\u00e4l f\u00f6r uthyrningen skall st\u00e4rkas med intyg. Varje ans\u00f6kan pr\u00f6vas s\u00e4rskilt, generella tillst\u00e5nd l\u00e4mnas inte. <a href=\"http:\/\/nybergsettan.se\/wp-content\/uploads\/2018\/01\/Uthyrningsans\u00f6kanBrfNybergsettan.pdf\" target=\"_blank\" rel=\"noopener noreferrer\">H\u00e4mta ans\u00f6kan genom att klicka h\u00e4r.<\/a><\/p>\n","protected":false},"excerpt":{"rendered":"<p>Som bostadsr\u00e4ttsinnehavare f\u00e5r du lov att uppl\u00e5ta din l\u00e4genhet i andra hand endast om styrelsen l\u00e4mnar tillst\u00e5nd till detta. Tillst\u00e5nd l\u00e4mnas om det finns synnerliga sk\u00e4l till andrahandsuthyrning, t.ex. tillf\u00e4lligt arbete eller studier p\u00e5 annan ort, provboende med sambo eller d\u00e5 hyresg\u00e4sten pga. \u00e5lder, sjukdom eller s\u00e4rskilda familjef\u00f6rh\u00e5llanden har beaktningsv\u00e4rda sk\u00e4l f\u00f6r uppl\u00e5telse av l\u00e4genheten. [&hellip;]<\/p>\n","protected":false},"author":1,"featured_media":0,"parent":67,"menu_order":0,"comment_status":"closed","ping_status":"closed","template":"","meta":{"footnotes":""},"class_list":["post-228","page","type-page","status-publish","hentry"],"yoast_head":"<!-- This site is optimized with the Yoast SEO plugin v24.6 - https:\/\/yoast.com\/wordpress\/plugins\/seo\/ -->\n<title>Andrahandsuthyrning - BRF NYBERGSETTAN<\/title>\n<meta name=\"robots\" content=\"index, follow, max-snippet:-1, max-image-preview:large, max-video-preview:-1\" \/>\n<link rel=\"canonical\" href=\"https:\/\/nybergsettan.se\/?page_id=228\" \/>\n<meta property=\"og:locale\" content=\"sv_SE\" \/>\n<meta property=\"og:type\" content=\"article\" \/>\n<meta property=\"og:title\" content=\"Andrahandsuthyrning - BRF NYBERGSETTAN\" \/>\n<meta property=\"og:description\" content=\"Som bostadsr\u00e4ttsinnehavare f\u00e5r du lov att uppl\u00e5ta din l\u00e4genhet i andra hand endast om styrelsen l\u00e4mnar tillst\u00e5nd till detta. Tillst\u00e5nd l\u00e4mnas om det finns synnerliga sk\u00e4l till andrahandsuthyrning, t.ex. tillf\u00e4lligt arbete eller studier p\u00e5 annan ort, provboende med sambo eller d\u00e5 hyresg\u00e4sten pga. \u00e5lder, sjukdom eller s\u00e4rskilda familjef\u00f6rh\u00e5llanden har beaktningsv\u00e4rda sk\u00e4l f\u00f6r uppl\u00e5telse av l\u00e4genheten. [&hellip;]\" \/>\n<meta property=\"og:url\" content=\"https:\/\/nybergsettan.se\/?page_id=228\" \/>\n<meta property=\"og:site_name\" content=\"BRF NYBERGSETTAN\" \/>\n<meta property=\"article:modified_time\" content=\"2018-01-15T12:20:39+00:00\" \/>\n<meta name=\"twitter:card\" content=\"summary_large_image\" \/>\n<meta name=\"twitter:label1\" content=\"Ber\u00e4knad l\u00e4stid\" \/>\n\t<meta name=\"twitter:data1\" content=\"1 minut\" \/>\n<script type=\"application\/ld+json\" class=\"yoast-schema-graph\">{\"@context\":\"https:\/\/schema.org\",\"@graph\":[{\"@type\":\"WebPage\",\"@id\":\"https:\/\/nybergsettan.se\/?page_id=228\",\"url\":\"https:\/\/nybergsettan.se\/?page_id=228\",\"name\":\"Andrahandsuthyrning - BRF NYBERGSETTAN\",\"isPartOf\":{\"@id\":\"https:\/\/nybergsettan.se\/#website\"},\"datePublished\":\"2016-06-01T12:53:41+00:00\",\"dateModified\":\"2018-01-15T12:20:39+00:00\",\"breadcrumb\":{\"@id\":\"https:\/\/nybergsettan.se\/?page_id=228#breadcrumb\"},\"inLanguage\":\"sv-SE\",\"potentialAction\":[{\"@type\":\"ReadAction\",\"target\":[\"https:\/\/nybergsettan.se\/?page_id=228\"]}]},{\"@type\":\"BreadcrumbList\",\"@id\":\"https:\/\/nybergsettan.se\/?page_id=228#breadcrumb\",\"itemListElement\":[{\"@type\":\"ListItem\",\"position\":1,\"name\":\"Hem\",\"item\":\"https:\/\/nybergsettan.se\/\"},{\"@type\":\"ListItem\",\"position\":2,\"name\":\"Fastiheten\",\"item\":\"https:\/\/nybergsettan.se\/?page_id=67\"},{\"@type\":\"ListItem\",\"position\":3,\"name\":\"Andrahandsuthyrning\"}]},{\"@type\":\"WebSite\",\"@id\":\"https:\/\/nybergsettan.se\/#website\",\"url\":\"https:\/\/nybergsettan.se\/\",\"name\":\"BRF NYBERGSETTAN\",\"description\":\"\",\"publisher\":{\"@id\":\"https:\/\/nybergsettan.se\/#organization\"},\"potentialAction\":[{\"@type\":\"SearchAction\",\"target\":{\"@type\":\"EntryPoint\",\"urlTemplate\":\"https:\/\/nybergsettan.se\/?s={search_term_string}\"},\"query-input\":{\"@type\":\"PropertyValueSpecification\",\"valueRequired\":true,\"valueName\":\"search_term_string\"}}],\"inLanguage\":\"sv-SE\"},{\"@type\":\"Organization\",\"@id\":\"https:\/\/nybergsettan.se\/#organization\",\"name\":\"BRF NYBERGSETTAN\",\"url\":\"https:\/\/nybergsettan.se\/\",\"logo\":{\"@type\":\"ImageObject\",\"inLanguage\":\"sv-SE\",\"@id\":\"https:\/\/nybergsettan.se\/#\/schema\/logo\/image\/\",\"url\":\"https:\/\/nybergsettan.se\/wp-content\/uploads\/2016\/03\/framsidan-1024x768.jpg\",\"contentUrl\":\"https:\/\/nybergsettan.se\/wp-content\/uploads\/2016\/03\/framsidan-1024x768.jpg\",\"width\":1024,\"height\":768,\"caption\":\"BRF NYBERGSETTAN\"},\"image\":{\"@id\":\"https:\/\/nybergsettan.se\/#\/schema\/logo\/image\/\"}}]}<\/script>\n<!-- \/ Yoast SEO plugin. -->","yoast_head_json":{"title":"Andrahandsuthyrning - BRF NYBERGSETTAN","robots":{"index":"index","follow":"follow","max-snippet":"max-snippet:-1","max-image-preview":"max-image-preview:large","max-video-preview":"max-video-preview:-1"},"canonical":"https:\/\/nybergsettan.se\/?page_id=228","og_locale":"sv_SE","og_type":"article","og_title":"Andrahandsuthyrning - BRF NYBERGSETTAN","og_description":"Som bostadsr\u00e4ttsinnehavare f\u00e5r du lov att uppl\u00e5ta din l\u00e4genhet i andra hand endast om styrelsen l\u00e4mnar tillst\u00e5nd till detta. Tillst\u00e5nd l\u00e4mnas om det finns synnerliga sk\u00e4l till andrahandsuthyrning, t.ex. tillf\u00e4lligt arbete eller studier p\u00e5 annan ort, provboende med sambo eller d\u00e5 hyresg\u00e4sten pga. \u00e5lder, sjukdom eller s\u00e4rskilda familjef\u00f6rh\u00e5llanden har beaktningsv\u00e4rda sk\u00e4l f\u00f6r uppl\u00e5telse av l\u00e4genheten. [&hellip;]","og_url":"https:\/\/nybergsettan.se\/?page_id=228","og_site_name":"BRF NYBERGSETTAN","article_modified_time":"2018-01-15T12:20:39+00:00","twitter_card":"summary_large_image","twitter_misc":{"Ber\u00e4knad l\u00e4stid":"1 minut"},"schema":{"@context":"https:\/\/schema.org","@graph":[{"@type":"WebPage","@id":"https:\/\/nybergsettan.se\/?page_id=228","url":"https:\/\/nybergsettan.se\/?page_id=228","name":"Andrahandsuthyrning - BRF NYBERGSETTAN","isPartOf":{"@id":"https:\/\/nybergsettan.se\/#website"},"datePublished":"2016-06-01T12:53:41+00:00","dateModified":"2018-01-15T12:20:39+00:00","breadcrumb":{"@id":"https:\/\/nybergsettan.se\/?page_id=228#breadcrumb"},"inLanguage":"sv-SE","potentialAction":[{"@type":"ReadAction","target":["https:\/\/nybergsettan.se\/?page_id=228"]}]},{"@type":"BreadcrumbList","@id":"https:\/\/nybergsettan.se\/?page_id=228#breadcrumb","itemListElement":[{"@type":"ListItem","position":1,"name":"Hem","item":"https:\/\/nybergsettan.se\/"},{"@type":"ListItem","position":2,"name":"Fastiheten","item":"https:\/\/nybergsettan.se\/?page_id=67"},{"@type":"ListItem","position":3,"name":"Andrahandsuthyrning"}]},{"@type":"WebSite","@id":"https:\/\/nybergsettan.se\/#website","url":"https:\/\/nybergsettan.se\/","name":"BRF NYBERGSETTAN","description":"","publisher":{"@id":"https:\/\/nybergsettan.se\/#organization"},"potentialAction":[{"@type":"SearchAction","target":{"@type":"EntryPoint","urlTemplate":"https:\/\/nybergsettan.se\/?s={search_term_string}"},"query-input":{"@type":"PropertyValueSpecification","valueRequired":true,"valueName":"search_term_string"}}],"inLanguage":"sv-SE"},{"@type":"Organization","@id":"https:\/\/nybergsettan.se\/#organization","name":"BRF NYBERGSETTAN","url":"https:\/\/nybergsettan.se\/","logo":{"@type":"ImageObject","inLanguage":"sv-SE","@id":"https:\/\/nybergsettan.se\/#\/schema\/logo\/image\/","url":"https:\/\/nybergsettan.se\/wp-content\/uploads\/2016\/03\/framsidan-1024x768.jpg","contentUrl":"https:\/\/nybergsettan.se\/wp-content\/uploads\/2016\/03\/framsidan-1024x768.jpg","width":1024,"height":768,"caption":"BRF NYBERGSETTAN"},"image":{"@id":"https:\/\/nybergsettan.se\/#\/schema\/logo\/image\/"}}]}},"_links":{"self":[{"href":"https:\/\/nybergsettan.se\/index.php?rest_route=\/wp\/v2\/pages\/228","targetHints":{"allow":["GET"]}}],"collection":[{"href":"https:\/\/nybergsettan.se\/index.php?rest_route=\/wp\/v2\/pages"}],"about":[{"href":"https:\/\/nybergsettan.se\/index.php?rest_route=\/wp\/v2\/types\/page"}],"author":[{"embeddable":true,"href":"https:\/\/nybergsettan.se\/index.php?rest_route=\/wp\/v2\/users\/1"}],"replies":[{"embeddable":true,"href":"https:\/\/nybergsettan.se\/index.php?rest_route=%2Fwp%2Fv2%2Fcomments&post=228"}],"version-history":[{"count":4,"href":"https:\/\/nybergsettan.se\/index.php?rest_route=\/wp\/v2\/pages\/228\/revisions"}],"predecessor-version":[{"id":315,"href":"https:\/\/nybergsettan.se\/index.php?rest_route=\/wp\/v2\/pages\/228\/revisions\/315"}],"up":[{"embeddable":true,"href":"https:\/\/nybergsettan.se\/index.php?rest_route=\/wp\/v2\/pages\/67"}],"wp:attachment":[{"href":"https:\/\/nybergsettan.se\/index.php?rest_route=%2Fwp%2Fv2%2Fmedia&parent=228"}],"curies":[{"name":"wp","href":"https:\/\/api.w.org\/{rel}","templated":true}]}}