{"id":210,"date":"2016-04-28T11:50:49","date_gmt":"2016-04-28T09:50:49","guid":{"rendered":"http:\/\/nybergsettan.se\/?page_id=210"},"modified":"2018-02-15T10:25:04","modified_gmt":"2018-02-15T09:25:04","slug":"regler-for-ombyggnad","status":"publish","type":"page","link":"https:\/\/nybergsettan.se\/?page_id=210","title":{"rendered":"Regler f\u00f6r ombyggnad"},"content":{"rendered":"<p><strong>Krav p\u00e5 tillst\u00e5nd f\u00f6r ombyggnad<\/strong><br \/>\nOmbyggnad av l\u00e4genhet som innefattar ingrepp i b\u00e4rande konstruktion, \u00e4ndring av befintliga ledningar f\u00f6r avlopp, v\u00e4rme, gas eller vatten, rivning av v\u00e4ggar, eller annan v\u00e4sentlig f\u00f6r\u00e4ndring av l\u00e4genheten kr\u00e4ver tillst\u00e5nd fr\u00e5n styrelsen. F\u00f6r detta \u00e4ndam\u00e5l ska blanketten &#8221;Ombyggnadsans\u00f6kan&#8221; anv\u00e4ndas och skickas in till styrelsen. <strong><a href=\"http:\/\/nybergsettan.se\/wp-content\/uploads\/2018\/02\/Renovering-och-Ombyggnadsans\u00f6kan.pdf\" target=\"_blank\" rel=\"noopener noreferrer\">Klicka h\u00e4r f\u00f6r att ladda ner Ombyggnadsans\u00f6kan.<\/a><\/strong><\/p>\n<p>F\u00f6r att ett \u00e4rende ska hinna behandlas m\u00e5ste ans\u00f6kan l\u00e4mnas in senast tv\u00e5 veckor f\u00f6re styrelsem\u00f6te. Information om tidpunkt f\u00f6r n\u00e4sta styrelsem\u00f6te kan f\u00e5s genom att kontakta n\u00e5gon i styrelsen.<\/p>\n<p>Enklare renovering av l\u00e4genhet, t ex m\u00e5lning, tapetsering, oml\u00e4ggning av golv (ej v\u00e5trum), eller utbyte av k\u00f6ksinredning, kr\u00e4ver ej tillst\u00e5nd fr\u00e5n styrelsen.<\/p>\n<p>Ett av styrelsen beviljat tillst\u00e5nd f\u00f6r ombyggnad \u00e4r alltid villkorat att medlemmen som bygger om l\u00e4genheten f\u00f6rbinder sig att f\u00f6lja f\u00f6reningens regler f\u00f6r ombyggnad.<\/p>\n<p><strong>Allm\u00e4nna regler f\u00f6r ombyggnad<\/strong><br \/>\n\u2022 Allt arbete ska utf\u00f6ras hantverksm\u00e4ssigt<br \/>\n\u2022 Buller ska minimeras och koncentreras till s\u00e5 f\u00e5 tillf\u00e4llen som m\u00f6jligt och f\u00e5r ej f\u00f6rekomma innan kl 9:00 och efter kl 17:00<br \/>\n\u2022 Byggmaterial och avfall f\u00e5r ej f\u00f6rvaras i trapphuset<br \/>\n\u2022 Byggavfall f\u00e5r EJ sl\u00e4ngas i grovsoprummet<br \/>\n\u2022 Trapphus ska st\u00e4das dagligen vid nedsmutsning<br \/>\n\u2022 Det \u00e4r ej till\u00e5tet att parkera utanf\u00f6r entr\u00e9n (lasta\/lossa \u00e4r dock till\u00e5tet)<\/p>\n<p><strong>Avst\u00e4ngning av el, vatten och v\u00e4rme<\/strong><br \/>\nCentral avst\u00e4ngning av el, vatten eller v\u00e4rme f\u00e5r endast utf\u00f6ras av beh\u00f6rig hantverkare och efter samr\u00e5d med fastighetens f\u00f6rvaltare:<\/p>\n<p>EFS AB<br \/>\nTelefon: 08 580 119 50<br \/>\nEmail: <a href=\"mailto:info@efsab.se\">info@efsab.se<\/a><\/p>\n<p>Information om avst\u00e4ngning ska ansl\u00e5s i god tid p\u00e5 anslagstavlan p\u00e5 entr\u00e9plan.<\/p>\n<p><strong>Ombyggnad av badrum och k\u00f6k<br \/>\n<\/strong>Vid renovering av badrum eller k\u00f6k m\u00e5ste anlitade hantverkare i skriftligt kontrakt med medlemmen f\u00f6rbinda sig att f\u00f6lja branschreglerna &#8221;S\u00e4ker Vatteninstallation&#8221;:<br \/>\n<a href=\"http:\/\/www.sakervatten.se\" target=\"_blank\" rel=\"noopener noreferrer\">www.sakervatten.se<\/a><\/p>\n<p>Vid renovering av t\u00e4tskikt i badrum m\u00e5ste anlitade hantverkare i skriftligt kontrakt med medlemmen f\u00f6rbinda sig att f\u00f6lja &#8221;Byggkeramikr\u00e5dets Branschregler f\u00f6r V\u00e5trum (BBV)&#8221;:<br \/>\n<a href=\"http:\/\/www.bkr.se\" target=\"_blank\" rel=\"noopener noreferrer\">www.bkr.se<\/a><\/p>\n<p>Intyg om hantverkares certifikation f\u00f6r S\u00e4ker Vatteninstallation och v\u00e5trumsbeh\u00f6righet utf\u00e4rdad av BKR skall l\u00e4mnas till styrelsen i samband med ans\u00f6kan om tillst\u00e5nd f\u00f6r ombyggnaden.<\/p>\n<p>H\u00f6ga kostnader orsakade av vattenskador som resultat av underm\u00e5ligt utf\u00f6rt arbete \u00e4r vanligt f\u00f6rekommande. T\u00e4nk \u00e4ven p\u00e5 grannen under!<\/p>\n","protected":false},"excerpt":{"rendered":"<p>Krav p\u00e5 tillst\u00e5nd f\u00f6r ombyggnad Ombyggnad av l\u00e4genhet som innefattar ingrepp i b\u00e4rande konstruktion, \u00e4ndring av befintliga ledningar f\u00f6r avlopp, v\u00e4rme, gas eller vatten, rivning av v\u00e4ggar, eller annan v\u00e4sentlig f\u00f6r\u00e4ndring av l\u00e4genheten kr\u00e4ver tillst\u00e5nd fr\u00e5n styrelsen. F\u00f6r detta \u00e4ndam\u00e5l ska blanketten &#8221;Ombyggnadsans\u00f6kan&#8221; anv\u00e4ndas och skickas in till styrelsen. Klicka h\u00e4r f\u00f6r att ladda ner [&hellip;]<\/p>\n","protected":false},"author":1,"featured_media":0,"parent":67,"menu_order":0,"comment_status":"closed","ping_status":"closed","template":"","meta":{"footnotes":""},"class_list":["post-210","page","type-page","status-publish","hentry"],"yoast_head":"<!-- This site is optimized with the Yoast SEO plugin v24.6 - https:\/\/yoast.com\/wordpress\/plugins\/seo\/ -->\n<title>Regler f\u00f6r ombyggnad - BRF NYBERGSETTAN<\/title>\n<meta name=\"robots\" content=\"index, follow, max-snippet:-1, max-image-preview:large, max-video-preview:-1\" \/>\n<link rel=\"canonical\" href=\"https:\/\/nybergsettan.se\/?page_id=210\" \/>\n<meta property=\"og:locale\" content=\"sv_SE\" \/>\n<meta property=\"og:type\" content=\"article\" \/>\n<meta property=\"og:title\" content=\"Regler f\u00f6r ombyggnad - BRF NYBERGSETTAN\" \/>\n<meta property=\"og:description\" content=\"Krav p\u00e5 tillst\u00e5nd f\u00f6r ombyggnad Ombyggnad av l\u00e4genhet som innefattar ingrepp i b\u00e4rande konstruktion, \u00e4ndring av befintliga ledningar f\u00f6r avlopp, v\u00e4rme, gas eller vatten, rivning av v\u00e4ggar, eller annan v\u00e4sentlig f\u00f6r\u00e4ndring av l\u00e4genheten kr\u00e4ver tillst\u00e5nd fr\u00e5n styrelsen. F\u00f6r detta \u00e4ndam\u00e5l ska blanketten &#8221;Ombyggnadsans\u00f6kan&#8221; anv\u00e4ndas och skickas in till styrelsen. Klicka h\u00e4r f\u00f6r att ladda ner [&hellip;]\" \/>\n<meta property=\"og:url\" content=\"https:\/\/nybergsettan.se\/?page_id=210\" \/>\n<meta property=\"og:site_name\" content=\"BRF NYBERGSETTAN\" \/>\n<meta property=\"article:modified_time\" content=\"2018-02-15T09:25:04+00:00\" \/>\n<meta name=\"twitter:card\" content=\"summary_large_image\" \/>\n<meta name=\"twitter:label1\" content=\"Ber\u00e4knad l\u00e4stid\" \/>\n\t<meta name=\"twitter:data1\" content=\"2 minuter\" \/>\n<script type=\"application\/ld+json\" class=\"yoast-schema-graph\">{\"@context\":\"https:\/\/schema.org\",\"@graph\":[{\"@type\":\"WebPage\",\"@id\":\"https:\/\/nybergsettan.se\/?page_id=210\",\"url\":\"https:\/\/nybergsettan.se\/?page_id=210\",\"name\":\"Regler f\u00f6r ombyggnad - BRF NYBERGSETTAN\",\"isPartOf\":{\"@id\":\"https:\/\/nybergsettan.se\/#website\"},\"datePublished\":\"2016-04-28T09:50:49+00:00\",\"dateModified\":\"2018-02-15T09:25:04+00:00\",\"breadcrumb\":{\"@id\":\"https:\/\/nybergsettan.se\/?page_id=210#breadcrumb\"},\"inLanguage\":\"sv-SE\",\"potentialAction\":[{\"@type\":\"ReadAction\",\"target\":[\"https:\/\/nybergsettan.se\/?page_id=210\"]}]},{\"@type\":\"BreadcrumbList\",\"@id\":\"https:\/\/nybergsettan.se\/?page_id=210#breadcrumb\",\"itemListElement\":[{\"@type\":\"ListItem\",\"position\":1,\"name\":\"Hem\",\"item\":\"https:\/\/nybergsettan.se\/\"},{\"@type\":\"ListItem\",\"position\":2,\"name\":\"Fastiheten\",\"item\":\"https:\/\/nybergsettan.se\/?page_id=67\"},{\"@type\":\"ListItem\",\"position\":3,\"name\":\"Regler f\u00f6r ombyggnad\"}]},{\"@type\":\"WebSite\",\"@id\":\"https:\/\/nybergsettan.se\/#website\",\"url\":\"https:\/\/nybergsettan.se\/\",\"name\":\"BRF NYBERGSETTAN\",\"description\":\"\",\"publisher\":{\"@id\":\"https:\/\/nybergsettan.se\/#organization\"},\"potentialAction\":[{\"@type\":\"SearchAction\",\"target\":{\"@type\":\"EntryPoint\",\"urlTemplate\":\"https:\/\/nybergsettan.se\/?s={search_term_string}\"},\"query-input\":{\"@type\":\"PropertyValueSpecification\",\"valueRequired\":true,\"valueName\":\"search_term_string\"}}],\"inLanguage\":\"sv-SE\"},{\"@type\":\"Organization\",\"@id\":\"https:\/\/nybergsettan.se\/#organization\",\"name\":\"BRF NYBERGSETTAN\",\"url\":\"https:\/\/nybergsettan.se\/\",\"logo\":{\"@type\":\"ImageObject\",\"inLanguage\":\"sv-SE\",\"@id\":\"https:\/\/nybergsettan.se\/#\/schema\/logo\/image\/\",\"url\":\"https:\/\/nybergsettan.se\/wp-content\/uploads\/2016\/03\/framsidan-1024x768.jpg\",\"contentUrl\":\"https:\/\/nybergsettan.se\/wp-content\/uploads\/2016\/03\/framsidan-1024x768.jpg\",\"width\":1024,\"height\":768,\"caption\":\"BRF NYBERGSETTAN\"},\"image\":{\"@id\":\"https:\/\/nybergsettan.se\/#\/schema\/logo\/image\/\"}}]}<\/script>\n<!-- \/ Yoast SEO plugin. -->","yoast_head_json":{"title":"Regler f\u00f6r ombyggnad - BRF NYBERGSETTAN","robots":{"index":"index","follow":"follow","max-snippet":"max-snippet:-1","max-image-preview":"max-image-preview:large","max-video-preview":"max-video-preview:-1"},"canonical":"https:\/\/nybergsettan.se\/?page_id=210","og_locale":"sv_SE","og_type":"article","og_title":"Regler f\u00f6r ombyggnad - BRF NYBERGSETTAN","og_description":"Krav p\u00e5 tillst\u00e5nd f\u00f6r ombyggnad Ombyggnad av l\u00e4genhet som innefattar ingrepp i b\u00e4rande konstruktion, \u00e4ndring av befintliga ledningar f\u00f6r avlopp, v\u00e4rme, gas eller vatten, rivning av v\u00e4ggar, eller annan v\u00e4sentlig f\u00f6r\u00e4ndring av l\u00e4genheten kr\u00e4ver tillst\u00e5nd fr\u00e5n styrelsen. F\u00f6r detta \u00e4ndam\u00e5l ska blanketten &#8221;Ombyggnadsans\u00f6kan&#8221; anv\u00e4ndas och skickas in till styrelsen. Klicka h\u00e4r f\u00f6r att ladda ner [&hellip;]","og_url":"https:\/\/nybergsettan.se\/?page_id=210","og_site_name":"BRF NYBERGSETTAN","article_modified_time":"2018-02-15T09:25:04+00:00","twitter_card":"summary_large_image","twitter_misc":{"Ber\u00e4knad l\u00e4stid":"2 minuter"},"schema":{"@context":"https:\/\/schema.org","@graph":[{"@type":"WebPage","@id":"https:\/\/nybergsettan.se\/?page_id=210","url":"https:\/\/nybergsettan.se\/?page_id=210","name":"Regler f\u00f6r ombyggnad - BRF NYBERGSETTAN","isPartOf":{"@id":"https:\/\/nybergsettan.se\/#website"},"datePublished":"2016-04-28T09:50:49+00:00","dateModified":"2018-02-15T09:25:04+00:00","breadcrumb":{"@id":"https:\/\/nybergsettan.se\/?page_id=210#breadcrumb"},"inLanguage":"sv-SE","potentialAction":[{"@type":"ReadAction","target":["https:\/\/nybergsettan.se\/?page_id=210"]}]},{"@type":"BreadcrumbList","@id":"https:\/\/nybergsettan.se\/?page_id=210#breadcrumb","itemListElement":[{"@type":"ListItem","position":1,"name":"Hem","item":"https:\/\/nybergsettan.se\/"},{"@type":"ListItem","position":2,"name":"Fastiheten","item":"https:\/\/nybergsettan.se\/?page_id=67"},{"@type":"ListItem","position":3,"name":"Regler f\u00f6r ombyggnad"}]},{"@type":"WebSite","@id":"https:\/\/nybergsettan.se\/#website","url":"https:\/\/nybergsettan.se\/","name":"BRF NYBERGSETTAN","description":"","publisher":{"@id":"https:\/\/nybergsettan.se\/#organization"},"potentialAction":[{"@type":"SearchAction","target":{"@type":"EntryPoint","urlTemplate":"https:\/\/nybergsettan.se\/?s={search_term_string}"},"query-input":{"@type":"PropertyValueSpecification","valueRequired":true,"valueName":"search_term_string"}}],"inLanguage":"sv-SE"},{"@type":"Organization","@id":"https:\/\/nybergsettan.se\/#organization","name":"BRF NYBERGSETTAN","url":"https:\/\/nybergsettan.se\/","logo":{"@type":"ImageObject","inLanguage":"sv-SE","@id":"https:\/\/nybergsettan.se\/#\/schema\/logo\/image\/","url":"https:\/\/nybergsettan.se\/wp-content\/uploads\/2016\/03\/framsidan-1024x768.jpg","contentUrl":"https:\/\/nybergsettan.se\/wp-content\/uploads\/2016\/03\/framsidan-1024x768.jpg","width":1024,"height":768,"caption":"BRF NYBERGSETTAN"},"image":{"@id":"https:\/\/nybergsettan.se\/#\/schema\/logo\/image\/"}}]}},"_links":{"self":[{"href":"https:\/\/nybergsettan.se\/index.php?rest_route=\/wp\/v2\/pages\/210","targetHints":{"allow":["GET"]}}],"collection":[{"href":"https:\/\/nybergsettan.se\/index.php?rest_route=\/wp\/v2\/pages"}],"about":[{"href":"https:\/\/nybergsettan.se\/index.php?rest_route=\/wp\/v2\/types\/page"}],"author":[{"embeddable":true,"href":"https:\/\/nybergsettan.se\/index.php?rest_route=\/wp\/v2\/users\/1"}],"replies":[{"embeddable":true,"href":"https:\/\/nybergsettan.se\/index.php?rest_route=%2Fwp%2Fv2%2Fcomments&post=210"}],"version-history":[{"count":5,"href":"https:\/\/nybergsettan.se\/index.php?rest_route=\/wp\/v2\/pages\/210\/revisions"}],"predecessor-version":[{"id":213,"href":"https:\/\/nybergsettan.se\/index.php?rest_route=\/wp\/v2\/pages\/210\/revisions\/213"}],"up":[{"embeddable":true,"href":"https:\/\/nybergsettan.se\/index.php?rest_route=\/wp\/v2\/pages\/67"}],"wp:attachment":[{"href":"https:\/\/nybergsettan.se\/index.php?rest_route=%2Fwp%2Fv2%2Fmedia&parent=210"}],"curies":[{"name":"wp","href":"https:\/\/api.w.org\/{rel}","templated":true}]}}