{"id":141,"date":"2016-04-05T15:25:03","date_gmt":"2016-04-05T13:25:03","guid":{"rendered":"http:\/\/nybergsettan.se\/?page_id=141"},"modified":"2023-05-17T07:23:38","modified_gmt":"2023-05-17T05:23:38","slug":"for-maklare","status":"publish","type":"page","link":"https:\/\/nybergsettan.se\/?page_id=141","title":{"rendered":"F\u00f6r M\u00e4klare"},"content":{"rendered":"<p>H\u00e4r har vi samlat information som bland annat m\u00e4klare kan vara intresserade av.<\/p>\n<p>Bostadsr\u00e4ttsf\u00f6reningens senaste <a href=\"http:\/\/nybergsettan.se\/wp-content\/uploads\/2023\/05\/Brf-Nybergsettan-2022-Arsredovisning-Revisionsberattelse.pdf\" target=\"_blank\" rel=\"noopener noreferrer\">\u00e5rsredovisning<\/a>.<\/p>\n<h3>Renoveringar och f\u00f6r\u00e4ndringar som har gjorts p\u00e5 fastigheten:<\/h3>\n<p><strong>\u00c5r 1988\/89<\/strong><br \/>\nRenovering av samtliga badrum.<\/p>\n<p><strong>\u00c5r 1989\/90<\/strong><br \/>\nOmbyggnad av nya och st\u00f6rre balkonger.<br \/>\nOmlagt tak.<br \/>\nRenovering av fasad.<\/p>\n<p><strong>\u00c5r 2001<\/strong><br \/>\nInstallation av fj\u00e4rrv\u00e4rme.<\/p>\n<p><strong>\u00c5r 2003<\/strong><br \/>\nNytt nyckelsystem<br \/>\nBrandvarnare i samtliga bostadsr\u00e4tter<\/p>\n<p><strong>\u00c5r 2004<\/strong><br \/>\nRenoverad soprum<\/p>\n<p><strong>\u00c5r 2005<\/strong><br \/>\nPlantering av h\u00e4ck mot Frihetsv\u00e4gen.<\/p>\n<p><strong>\u00c5r 2006\/07<\/strong><br \/>\nRenovering av stammar (relining).<\/p>\n<p><strong>\u00c5r 2008<\/strong><br \/>\nRenovering av tv\u00e4ttstuga.<br \/>\nNya maskiner till tv\u00e4ttstugorna.<\/p>\n<p><strong>2012\/13<\/strong><br \/>\nOmbyggnad av f\u00f6reningslokal<br \/>\nKollektiv anslutning av bredband.<\/p>\n","protected":false},"excerpt":{"rendered":"<p>H\u00e4r har vi samlat information som bland annat m\u00e4klare kan vara intresserade av. Bostadsr\u00e4ttsf\u00f6reningens senaste \u00e5rsredovisning. Renoveringar och f\u00f6r\u00e4ndringar som har gjorts p\u00e5 fastigheten: \u00c5r 1988\/89 Renovering av samtliga badrum. \u00c5r 1989\/90 Ombyggnad av nya och st\u00f6rre balkonger. Omlagt tak. Renovering av fasad. \u00c5r 2001 Installation av fj\u00e4rrv\u00e4rme. \u00c5r 2003 Nytt nyckelsystem Brandvarnare i samtliga [&hellip;]<\/p>\n","protected":false},"author":1,"featured_media":0,"parent":16,"menu_order":0,"comment_status":"closed","ping_status":"closed","template":"","meta":{"footnotes":""},"class_list":["post-141","page","type-page","status-publish","hentry"],"yoast_head":"<!-- This site is optimized with the Yoast SEO plugin v24.6 - https:\/\/yoast.com\/wordpress\/plugins\/seo\/ -->\n<title>F\u00f6r M\u00e4klare - BRF NYBERGSETTAN<\/title>\n<meta name=\"robots\" content=\"index, follow, max-snippet:-1, max-image-preview:large, max-video-preview:-1\" \/>\n<link rel=\"canonical\" href=\"https:\/\/nybergsettan.se\/?page_id=141\" \/>\n<meta property=\"og:locale\" content=\"sv_SE\" \/>\n<meta property=\"og:type\" content=\"article\" \/>\n<meta property=\"og:title\" content=\"F\u00f6r M\u00e4klare - BRF NYBERGSETTAN\" \/>\n<meta property=\"og:description\" content=\"H\u00e4r har vi samlat information som bland annat m\u00e4klare kan vara intresserade av. Bostadsr\u00e4ttsf\u00f6reningens senaste \u00e5rsredovisning. Renoveringar och f\u00f6r\u00e4ndringar som har gjorts p\u00e5 fastigheten: \u00c5r 1988\/89 Renovering av samtliga badrum. \u00c5r 1989\/90 Ombyggnad av nya och st\u00f6rre balkonger. Omlagt tak. Renovering av fasad. \u00c5r 2001 Installation av fj\u00e4rrv\u00e4rme. \u00c5r 2003 Nytt nyckelsystem Brandvarnare i samtliga [&hellip;]\" \/>\n<meta property=\"og:url\" content=\"https:\/\/nybergsettan.se\/?page_id=141\" \/>\n<meta property=\"og:site_name\" content=\"BRF NYBERGSETTAN\" \/>\n<meta property=\"article:modified_time\" content=\"2023-05-17T05:23:38+00:00\" \/>\n<meta name=\"twitter:card\" content=\"summary_large_image\" \/>\n<script type=\"application\/ld+json\" class=\"yoast-schema-graph\">{\"@context\":\"https:\/\/schema.org\",\"@graph\":[{\"@type\":\"WebPage\",\"@id\":\"https:\/\/nybergsettan.se\/?page_id=141\",\"url\":\"https:\/\/nybergsettan.se\/?page_id=141\",\"name\":\"F\u00f6r M\u00e4klare - BRF NYBERGSETTAN\",\"isPartOf\":{\"@id\":\"https:\/\/nybergsettan.se\/#website\"},\"datePublished\":\"2016-04-05T13:25:03+00:00\",\"dateModified\":\"2023-05-17T05:23:38+00:00\",\"breadcrumb\":{\"@id\":\"https:\/\/nybergsettan.se\/?page_id=141#breadcrumb\"},\"inLanguage\":\"sv-SE\",\"potentialAction\":[{\"@type\":\"ReadAction\",\"target\":[\"https:\/\/nybergsettan.se\/?page_id=141\"]}]},{\"@type\":\"BreadcrumbList\",\"@id\":\"https:\/\/nybergsettan.se\/?page_id=141#breadcrumb\",\"itemListElement\":[{\"@type\":\"ListItem\",\"position\":1,\"name\":\"Hem\",\"item\":\"https:\/\/nybergsettan.se\/\"},{\"@type\":\"ListItem\",\"position\":2,\"name\":\"Om f\u00f6reningen\",\"item\":\"https:\/\/nybergsettan.se\/?page_id=16\"},{\"@type\":\"ListItem\",\"position\":3,\"name\":\"F\u00f6r M\u00e4klare\"}]},{\"@type\":\"WebSite\",\"@id\":\"https:\/\/nybergsettan.se\/#website\",\"url\":\"https:\/\/nybergsettan.se\/\",\"name\":\"BRF NYBERGSETTAN\",\"description\":\"\",\"publisher\":{\"@id\":\"https:\/\/nybergsettan.se\/#organization\"},\"potentialAction\":[{\"@type\":\"SearchAction\",\"target\":{\"@type\":\"EntryPoint\",\"urlTemplate\":\"https:\/\/nybergsettan.se\/?s={search_term_string}\"},\"query-input\":{\"@type\":\"PropertyValueSpecification\",\"valueRequired\":true,\"valueName\":\"search_term_string\"}}],\"inLanguage\":\"sv-SE\"},{\"@type\":\"Organization\",\"@id\":\"https:\/\/nybergsettan.se\/#organization\",\"name\":\"BRF NYBERGSETTAN\",\"url\":\"https:\/\/nybergsettan.se\/\",\"logo\":{\"@type\":\"ImageObject\",\"inLanguage\":\"sv-SE\",\"@id\":\"https:\/\/nybergsettan.se\/#\/schema\/logo\/image\/\",\"url\":\"https:\/\/nybergsettan.se\/wp-content\/uploads\/2016\/03\/framsidan-1024x768.jpg\",\"contentUrl\":\"https:\/\/nybergsettan.se\/wp-content\/uploads\/2016\/03\/framsidan-1024x768.jpg\",\"width\":1024,\"height\":768,\"caption\":\"BRF NYBERGSETTAN\"},\"image\":{\"@id\":\"https:\/\/nybergsettan.se\/#\/schema\/logo\/image\/\"}}]}<\/script>\n<!-- \/ Yoast SEO plugin. -->","yoast_head_json":{"title":"F\u00f6r M\u00e4klare - BRF NYBERGSETTAN","robots":{"index":"index","follow":"follow","max-snippet":"max-snippet:-1","max-image-preview":"max-image-preview:large","max-video-preview":"max-video-preview:-1"},"canonical":"https:\/\/nybergsettan.se\/?page_id=141","og_locale":"sv_SE","og_type":"article","og_title":"F\u00f6r M\u00e4klare - BRF NYBERGSETTAN","og_description":"H\u00e4r har vi samlat information som bland annat m\u00e4klare kan vara intresserade av. Bostadsr\u00e4ttsf\u00f6reningens senaste \u00e5rsredovisning. Renoveringar och f\u00f6r\u00e4ndringar som har gjorts p\u00e5 fastigheten: \u00c5r 1988\/89 Renovering av samtliga badrum. \u00c5r 1989\/90 Ombyggnad av nya och st\u00f6rre balkonger. Omlagt tak. Renovering av fasad. \u00c5r 2001 Installation av fj\u00e4rrv\u00e4rme. \u00c5r 2003 Nytt nyckelsystem Brandvarnare i samtliga [&hellip;]","og_url":"https:\/\/nybergsettan.se\/?page_id=141","og_site_name":"BRF NYBERGSETTAN","article_modified_time":"2023-05-17T05:23:38+00:00","twitter_card":"summary_large_image","schema":{"@context":"https:\/\/schema.org","@graph":[{"@type":"WebPage","@id":"https:\/\/nybergsettan.se\/?page_id=141","url":"https:\/\/nybergsettan.se\/?page_id=141","name":"F\u00f6r M\u00e4klare - BRF NYBERGSETTAN","isPartOf":{"@id":"https:\/\/nybergsettan.se\/#website"},"datePublished":"2016-04-05T13:25:03+00:00","dateModified":"2023-05-17T05:23:38+00:00","breadcrumb":{"@id":"https:\/\/nybergsettan.se\/?page_id=141#breadcrumb"},"inLanguage":"sv-SE","potentialAction":[{"@type":"ReadAction","target":["https:\/\/nybergsettan.se\/?page_id=141"]}]},{"@type":"BreadcrumbList","@id":"https:\/\/nybergsettan.se\/?page_id=141#breadcrumb","itemListElement":[{"@type":"ListItem","position":1,"name":"Hem","item":"https:\/\/nybergsettan.se\/"},{"@type":"ListItem","position":2,"name":"Om f\u00f6reningen","item":"https:\/\/nybergsettan.se\/?page_id=16"},{"@type":"ListItem","position":3,"name":"F\u00f6r M\u00e4klare"}]},{"@type":"WebSite","@id":"https:\/\/nybergsettan.se\/#website","url":"https:\/\/nybergsettan.se\/","name":"BRF NYBERGSETTAN","description":"","publisher":{"@id":"https:\/\/nybergsettan.se\/#organization"},"potentialAction":[{"@type":"SearchAction","target":{"@type":"EntryPoint","urlTemplate":"https:\/\/nybergsettan.se\/?s={search_term_string}"},"query-input":{"@type":"PropertyValueSpecification","valueRequired":true,"valueName":"search_term_string"}}],"inLanguage":"sv-SE"},{"@type":"Organization","@id":"https:\/\/nybergsettan.se\/#organization","name":"BRF NYBERGSETTAN","url":"https:\/\/nybergsettan.se\/","logo":{"@type":"ImageObject","inLanguage":"sv-SE","@id":"https:\/\/nybergsettan.se\/#\/schema\/logo\/image\/","url":"https:\/\/nybergsettan.se\/wp-content\/uploads\/2016\/03\/framsidan-1024x768.jpg","contentUrl":"https:\/\/nybergsettan.se\/wp-content\/uploads\/2016\/03\/framsidan-1024x768.jpg","width":1024,"height":768,"caption":"BRF NYBERGSETTAN"},"image":{"@id":"https:\/\/nybergsettan.se\/#\/schema\/logo\/image\/"}}]}},"_links":{"self":[{"href":"https:\/\/nybergsettan.se\/index.php?rest_route=\/wp\/v2\/pages\/141","targetHints":{"allow":["GET"]}}],"collection":[{"href":"https:\/\/nybergsettan.se\/index.php?rest_route=\/wp\/v2\/pages"}],"about":[{"href":"https:\/\/nybergsettan.se\/index.php?rest_route=\/wp\/v2\/types\/page"}],"author":[{"embeddable":true,"href":"https:\/\/nybergsettan.se\/index.php?rest_route=\/wp\/v2\/users\/1"}],"replies":[{"embeddable":true,"href":"https:\/\/nybergsettan.se\/index.php?rest_route=%2Fwp%2Fv2%2Fcomments&post=141"}],"version-history":[{"count":3,"href":"https:\/\/nybergsettan.se\/index.php?rest_route=\/wp\/v2\/pages\/141\/revisions"}],"predecessor-version":[{"id":368,"href":"https:\/\/nybergsettan.se\/index.php?rest_route=\/wp\/v2\/pages\/141\/revisions\/368"}],"up":[{"embeddable":true,"href":"https:\/\/nybergsettan.se\/index.php?rest_route=\/wp\/v2\/pages\/16"}],"wp:attachment":[{"href":"https:\/\/nybergsettan.se\/index.php?rest_route=%2Fwp%2Fv2%2Fmedia&parent=141"}],"curies":[{"name":"wp","href":"https:\/\/api.w.org\/{rel}","templated":true}]}}